{"id":96,"date":"2014-04-16T08:57:07","date_gmt":"2014-04-16T07:57:07","guid":{"rendered":"http:\/\/192.168.0.12\/wordpress\/?page_id=96"},"modified":"2023-08-20T17:35:49","modified_gmt":"2023-08-20T15:35:49","slug":"96-2","status":"publish","type":"page","link":"https:\/\/www.jkcf.com\/?page_id=96","title":{"rendered":"Le Ju-Jitsu : qu&rsquo;est-ce c&rsquo;est ?"},"content":{"rendered":"<p><img loading=\"lazy\" decoding=\"async\" class=\"size-medium wp-image-8 alignleft\" src=\"https:\/\/www.jkcf.com\/wp-content\/uploads\/2014\/04\/jujitsu-300x199.jpg\" alt=\"jujitsu\" width=\"300\" height=\"199\">Le <strong>Ju-jitsu<\/strong> ou jujutsu ou encore jiu-jitsu (m\u00e9thode de self d\u00e9fense), regroupe des techniques de combat qui furent d\u00e9velopp\u00e9es durant l&rsquo;\u00e8re f\u00e9odale du Japon pour se d\u00e9fendre lorsque l&rsquo;on est d\u00e9sarm\u00e9, ces techniques font appel aux coups (atemi), saisies et prises (dori), \u00e9tranglements (jime), clef (gatame) et projections (nage) afin de ma\u00eftriser un adversaire.<br \/>\nEn japonais, Ju-jitsu signifie litt\u00e9ralement \u00ab\u00a0art doux\u00a0\u00bb ou \u00ab\u00a0technique de souplesse\u00a0\u00bb. Il existe diverses transcriptions phon\u00e9tiques approximatives, ce qui explique les diff\u00e9rentes orthographes. L&rsquo;orthographe ju-jitsu est la plus utilis\u00e9e dans la litt\u00e9rature francophone.<br \/>\nAu d\u00e9but du XXe si\u00e8cle, des personnes se sont inqui\u00e9t\u00e9es de la disparition de ce savoir, d\u00fb \u00e0 la modernisation de l&rsquo;arm\u00e9e, et ont collect\u00e9 les techniques de diff\u00e9rentes \u00e9coles (ryu) de ju-jitsu pour en faire une pratique moderne, adapt\u00e9e \u00e0 la nouvelle soci\u00e9t\u00e9, ainsi naquirent le judo, l&rsquo;a\u00efkido ou plus r\u00e9cemment le Gracie jiu-jitsu. Par ce fait, le ju-jitsu est souvent qualifi\u00e9 d'\u00a0\u00bbart-m\u00e8re\u00a0\u00bb.<\/p>\n<p>Note : le ju-jitsu n&rsquo;est pas \u00e0 l&rsquo;origine du karat\u00e9, qui est une technique okinawaienne et chinoise<\/p>\n<p><a class=\"lienNoir\" href=\"http:\/\/fr.wikipedia.org\/wiki\/Jujitsu\" target=\"_blank\" rel=\"noopener\">Source Wikip\u00e9dia (lien vers l&rsquo;article \u00ab\u00a0Ju-jitsu\u00a0\u00bb)<\/a><br \/>\n<a class=\"lienNoir\" href=\"http:\/\/fr.wikipedia.org\/w\/index.php?title=Ju-jitsu&amp;action=history\" target=\"_blank\" rel=\"noopener\">Historique d&rsquo;\u00e9dition de la page<\/a><br \/>\n<a class=\"lienNoir\" href=\"http:\/\/www.gnu.org\/copyleft\/fdl.html\" target=\"_blank\" rel=\"noopener\">Licence de documentation libre GNU<\/a><\/p>\n","protected":false},"excerpt":{"rendered":"<p>Le Ju-jitsu ou jujutsu ou encore jiu-jitsu (m\u00e9thode de self d\u00e9fense), regroupe des techniques de combat qui furent d\u00e9velopp\u00e9es durant l&rsquo;\u00e8re f\u00e9odale du Japon pour se d\u00e9fendre lorsque l&rsquo;on est d\u00e9sarm\u00e9, ces techniques font appel aux coups (atemi), saisies et <a class=\"more-link\" href=\"https:\/\/www.jkcf.com\/?page_id=96\">Continuer la lecture <span class=\"screen-reader-text\">  Le Ju-Jitsu : qu&rsquo;est-ce c&rsquo;est ?<\/span><span class=\"meta-nav\">&rarr;<\/span><\/a><\/p>\n","protected":false},"author":1,"featured_media":0,"parent":264,"menu_order":0,"comment_status":"open","ping_status":"closed","template":"","meta":{"ngg_post_thumbnail":0,"iawp_total_views":321,"footnotes":""},"class_list":["post-96","page","type-page","status-publish","hentry"],"_links":{"self":[{"href":"https:\/\/www.jkcf.com\/index.php?rest_route=\/wp\/v2\/pages\/96","targetHints":{"allow":["GET"]}}],"collection":[{"href":"https:\/\/www.jkcf.com\/index.php?rest_route=\/wp\/v2\/pages"}],"about":[{"href":"https:\/\/www.jkcf.com\/index.php?rest_route=\/wp\/v2\/types\/page"}],"author":[{"embeddable":true,"href":"https:\/\/www.jkcf.com\/index.php?rest_route=\/wp\/v2\/users\/1"}],"replies":[{"embeddable":true,"href":"https:\/\/www.jkcf.com\/index.php?rest_route=%2Fwp%2Fv2%2Fcomments&post=96"}],"version-history":[{"count":3,"href":"https:\/\/www.jkcf.com\/index.php?rest_route=\/wp\/v2\/pages\/96\/revisions"}],"predecessor-version":[{"id":3855,"href":"https:\/\/www.jkcf.com\/index.php?rest_route=\/wp\/v2\/pages\/96\/revisions\/3855"}],"up":[{"embeddable":true,"href":"https:\/\/www.jkcf.com\/index.php?rest_route=\/wp\/v2\/pages\/264"}],"wp:attachment":[{"href":"https:\/\/www.jkcf.com\/index.php?rest_route=%2Fwp%2Fv2%2Fmedia&parent=96"}],"curies":[{"name":"wp","href":"https:\/\/api.w.org\/{rel}","templated":true}]}}