{"id":94,"date":"2014-04-16T08:54:15","date_gmt":"2014-04-16T07:54:15","guid":{"rendered":"http:\/\/192.168.0.12\/wordpress\/?page_id=94"},"modified":"2023-08-20T17:38:00","modified_gmt":"2023-08-20T15:38:00","slug":"le-taiso-quest-ce-que-cest","status":"publish","type":"page","link":"https:\/\/www.jkcf.com\/?page_id=94","title":{"rendered":"Le Ta\u00efso : qu&rsquo;est-ce que c&rsquo;est ?"},"content":{"rendered":"<p><img loading=\"lazy\" decoding=\"async\" class=\"size-medium wp-image-10 alignleft\" src=\"https:\/\/www.jkcf.com\/wp-content\/uploads\/2014\/04\/taiso-300x199.jpg\" alt=\"taiso\" width=\"300\" height=\"199\">Le<strong> Ta\u00efso <\/strong>(pr\u00e9paration du corps en japonais) est un sport d&rsquo;origine japonaise. Souvent pratiqu\u00e9 dans un dojo, v\u00eatu d&rsquo;un judogi, ou d&rsquo;un kimono plus l\u00e9ger, parfois simplement en tenue sportive.<\/p>\n<p>\u00c0 l&rsquo;origine, le Ta\u00efso nommait les activit\u00e9s physiques compl\u00e9mentaires pratiqu\u00e9es par les comp\u00e9titeurs de judo ou de jujitsu dans le cadre de leur entrainement. De nos jours, cette discipline int\u00e9resse un public de plus en plus large, sans limites d&rsquo;\u00e2ge, qui n&rsquo;a pas forc\u00e9ment pratiqu\u00e9 de sport auparavant et qui recherche un loisir ax\u00e9 sur la culture et l&rsquo;entretien physique.<\/p>\n<p>C&rsquo;est une alternative ludique aux nombreux sports de remise en forme comme le step ou la gymnastique volontaire puisque certains cours de Ta\u00efso repr\u00e9sentent une approche douce des arts martiaux tels que le judo et le jujitsu, sans aucun danger (pas de chute, pas de coup port\u00e9).<\/p>\n<p>Les exercices du Ta\u00efso sont donc tr\u00e8s vari\u00e9s :<\/p>\n<ul>\n<li>entretien cardio-respiratoire<\/li>\n<li>am\u00e9lioration de l&rsquo;endurance<\/li>\n<li>renforcement musculaire<\/li>\n<li>am\u00e9lioration de l&rsquo;\u00e9quilibre<\/li>\n<li>am\u00e9lioration des capacit\u00e9s psychomotrices<\/li>\n<li>am\u00e9lioration de la coordination g\u00e9n\u00e9rale des membres<\/li>\n<li>assouplissement<\/li>\n<li>relaxation<\/li>\n<\/ul>\n<p>En France, le Ta\u00efso est affili\u00e9 \u00e0 la F\u00e9d\u00e9ration Fran\u00e7aise de Judo Jujitsu et Disciplines Associ\u00e9es.<\/p>\n<p><a class=\"lienNoir\" href=\"http:\/\/fr.wikipedia.org\/wiki\/Taiso\" target=\"_blank\" rel=\"noopener\">Source Wikip\u00e9dia (lien vers l&rsquo;article \u00ab\u00a0Ta\u00efso\u00a0\u00bb)<\/a><br \/>\n<a class=\"lienNoir\" href=\"http:\/\/fr.wikipedia.org\/w\/index.php?title=Taiso&amp;action=history\" target=\"_blank\" rel=\"noopener\">Historique d&rsquo;\u00e9dition de la page<\/a><br \/>\n<a class=\"lienNoir\" href=\"http:\/\/www.gnu.org\/copyleft\/fdl.html\" target=\"_blank\" rel=\"noopener\">Licence de documentation libre GNU<\/a><\/p>\n","protected":false},"excerpt":{"rendered":"<p>Le Ta\u00efso (pr\u00e9paration du corps en japonais) est un sport d&rsquo;origine japonaise. Souvent pratiqu\u00e9 dans un dojo, v\u00eatu d&rsquo;un judogi, ou d&rsquo;un kimono plus l\u00e9ger, parfois simplement en tenue sportive. \u00c0 l&rsquo;origine, le Ta\u00efso nommait les activit\u00e9s physiques compl\u00e9mentaires pratiqu\u00e9es <a class=\"more-link\" href=\"https:\/\/www.jkcf.com\/?page_id=94\">Continuer la lecture <span class=\"screen-reader-text\">  Le Ta\u00efso : qu&rsquo;est-ce que c&rsquo;est ?<\/span><span class=\"meta-nav\">&rarr;<\/span><\/a><\/p>\n","protected":false},"author":1,"featured_media":0,"parent":264,"menu_order":0,"comment_status":"open","ping_status":"closed","template":"","meta":{"ngg_post_thumbnail":0,"iawp_total_views":968,"footnotes":""},"class_list":["post-94","page","type-page","status-publish","hentry"],"_links":{"self":[{"href":"https:\/\/www.jkcf.com\/index.php?rest_route=\/wp\/v2\/pages\/94","targetHints":{"allow":["GET"]}}],"collection":[{"href":"https:\/\/www.jkcf.com\/index.php?rest_route=\/wp\/v2\/pages"}],"about":[{"href":"https:\/\/www.jkcf.com\/index.php?rest_route=\/wp\/v2\/types\/page"}],"author":[{"embeddable":true,"href":"https:\/\/www.jkcf.com\/index.php?rest_route=\/wp\/v2\/users\/1"}],"replies":[{"embeddable":true,"href":"https:\/\/www.jkcf.com\/index.php?rest_route=%2Fwp%2Fv2%2Fcomments&post=94"}],"version-history":[{"count":4,"href":"https:\/\/www.jkcf.com\/index.php?rest_route=\/wp\/v2\/pages\/94\/revisions"}],"predecessor-version":[{"id":3859,"href":"https:\/\/www.jkcf.com\/index.php?rest_route=\/wp\/v2\/pages\/94\/revisions\/3859"}],"up":[{"embeddable":true,"href":"https:\/\/www.jkcf.com\/index.php?rest_route=\/wp\/v2\/pages\/264"}],"wp:attachment":[{"href":"https:\/\/www.jkcf.com\/index.php?rest_route=%2Fwp%2Fv2%2Fmedia&parent=94"}],"curies":[{"name":"wp","href":"https:\/\/api.w.org\/{rel}","templated":true}]}}