{"id":92,"date":"2014-04-16T08:50:48","date_gmt":"2014-04-16T07:50:48","guid":{"rendered":"http:\/\/192.168.0.12\/wordpress\/?page_id=92"},"modified":"2023-08-20T17:33:11","modified_gmt":"2023-08-20T15:33:11","slug":"le-babydo-quest-ce-que-cest","status":"publish","type":"page","link":"https:\/\/www.jkcf.com\/?page_id=92","title":{"rendered":"Le Babydo : qu&rsquo;est-ce que c&rsquo;est ?"},"content":{"rendered":"<p><img loading=\"lazy\" decoding=\"async\" class=\"size-medium wp-image-5 alignleft\" src=\"https:\/\/www.jkcf.com\/wp-content\/uploads\/2014\/04\/babydo-300x225.jpg\" alt=\"babydo\" width=\"300\" height=\"225\">Le Babydo (M\u00e9thode de pr\u00e9paration pour les enfants) permet \u00e0 l&rsquo;enfant de 4-5 ans de se socialiser, de se lat\u00e9raliser, de se structurer physiquement et psychologiquement. Dans un groupe restreint l&rsquo;enfant fait l&rsquo;exp\u00e9rience des diff\u00e9rents apprentissages moteur durant une s\u00e9ance de 3\/4 d&rsquo;heure. (L&rsquo;enseignant utilisant une p\u00e9dagogie ludique.) L&rsquo;enfant va apprendre \u00e0 g\u00e9rer progressivement son comportement social par des exercices propos\u00e9s tout d&rsquo;abord seul puis \u00e0 deux et enfin par \u00e9quipes. Peu \u00e0 peu l&rsquo;on introduira des notions de jeux d&rsquo;oppositions, cela en fin de cycle. Le babydo a pour objectif de pr\u00e9parer le jeune enfant \u00e0 la pratique physique en g\u00e9n\u00e9ral, celui-ci pourra s&rsquo;orienter par la suite vers n&rsquo;importe quelle activit\u00e9 (sport individuel, de combat comme le Judo, le Kendo, etc&#8230; ou bien un sport d&rsquo;adresse, d&rsquo;\u00e9quipes&#8230;&#8230;.)<\/p>\n","protected":false},"excerpt":{"rendered":"<p>Le Babydo (M\u00e9thode de pr\u00e9paration pour les enfants) permet \u00e0 l&rsquo;enfant de 4-5 ans de se socialiser, de se lat\u00e9raliser, de se structurer physiquement et psychologiquement. Dans un groupe restreint l&rsquo;enfant fait l&rsquo;exp\u00e9rience des diff\u00e9rents apprentissages moteur durant une s\u00e9ance <a class=\"more-link\" href=\"https:\/\/www.jkcf.com\/?page_id=92\">Continuer la lecture <span class=\"screen-reader-text\">  Le Babydo : qu&rsquo;est-ce que c&rsquo;est ?<\/span><span class=\"meta-nav\">&rarr;<\/span><\/a><\/p>\n","protected":false},"author":1,"featured_media":0,"parent":264,"menu_order":0,"comment_status":"open","ping_status":"closed","template":"","meta":{"ngg_post_thumbnail":0,"iawp_total_views":292,"footnotes":""},"class_list":["post-92","page","type-page","status-publish","hentry"],"_links":{"self":[{"href":"https:\/\/www.jkcf.com\/index.php?rest_route=\/wp\/v2\/pages\/92","targetHints":{"allow":["GET"]}}],"collection":[{"href":"https:\/\/www.jkcf.com\/index.php?rest_route=\/wp\/v2\/pages"}],"about":[{"href":"https:\/\/www.jkcf.com\/index.php?rest_route=\/wp\/v2\/types\/page"}],"author":[{"embeddable":true,"href":"https:\/\/www.jkcf.com\/index.php?rest_route=\/wp\/v2\/users\/1"}],"replies":[{"embeddable":true,"href":"https:\/\/www.jkcf.com\/index.php?rest_route=%2Fwp%2Fv2%2Fcomments&post=92"}],"version-history":[{"count":5,"href":"https:\/\/www.jkcf.com\/index.php?rest_route=\/wp\/v2\/pages\/92\/revisions"}],"predecessor-version":[{"id":3851,"href":"https:\/\/www.jkcf.com\/index.php?rest_route=\/wp\/v2\/pages\/92\/revisions\/3851"}],"up":[{"embeddable":true,"href":"https:\/\/www.jkcf.com\/index.php?rest_route=\/wp\/v2\/pages\/264"}],"wp:attachment":[{"href":"https:\/\/www.jkcf.com\/index.php?rest_route=%2Fwp%2Fv2%2Fmedia&parent=92"}],"curies":[{"name":"wp","href":"https:\/\/api.w.org\/{rel}","templated":true}]}}