{"id":87,"date":"2014-04-16T08:37:55","date_gmt":"2014-04-16T07:37:55","guid":{"rendered":"http:\/\/192.168.0.12\/wordpress\/?page_id=87"},"modified":"2023-08-20T17:34:55","modified_gmt":"2023-08-20T15:34:55","slug":"le-iaido-quest-ce-que-cest","status":"publish","type":"page","link":"https:\/\/www.jkcf.com\/?page_id=87","title":{"rendered":"Le Ia\u00efdo : qu&rsquo;est-ce que c&rsquo;est ?"},"content":{"rendered":"<p><img loading=\"lazy\" decoding=\"async\" class=\"size-medium wp-image-6 alignleft\" src=\"https:\/\/www.jkcf.com\/wp-content\/uploads\/2014\/04\/iaido-300x215.jpg\" alt=\"iaido\" width=\"300\" height=\"215\">Le <strong>ia\u00efdo<\/strong> (L&rsquo;art de d\u00e9gainer le sabre) est un art martial d&rsquo;origine japonaise se focalisant sur l&rsquo;acte de d\u00e9gainer le sabre et de trancher en un seul mouvement. Tout comme pour les autres budo, cette \u00e9cole se focalise plus sur l&rsquo;harmonie des mouvements et la d\u00e9marche spirituelle (influence du zen), que sur l&rsquo;efficacit\u00e9 technique. Le coup de l&rsquo;iai est consid\u00e9r\u00e9 comme tr\u00e8s rapide, car la force que n\u00e9cessite le retrait du sabre tout le long de son fourreau augmente la vitesse. Le wakizashi \u00e9tait l&rsquo;arme de pr\u00e9dilection des adeptes de la position de l&rsquo;iai.<\/p>\n<p>Le sabre se porte et se tient de la m\u00eame fa\u00e7on que l&rsquo;on soit droitier ou gaucher. La main droite et la main gauche ont chacune un r\u00f4le particulier qui n&rsquo;est pas directement li\u00e9 au fait que soit la main dominante ou non. Il existe d&rsquo;ailleurs des sabreurs gauchers : par exemple Saito Hajime. La coupe en iai est per\u00e7ue comme rapide, car le peu de force apparente que n\u00e9cessite le retrait du sabre tout au long de la saya ( ou fourreau ) augmente la vitesse. L&rsquo;Iaido ne n\u00e9cessite pas ou peu de force, si ce n&rsquo;est celle n\u00e9cessaire au maintien du sabre, puisque la longueur du katana ou shinken (lame d&rsquo;environ 75 cm) ajout\u00e9e \u00e0 la longueur d&rsquo;un bras font que l&rsquo;extr\u00e9mit\u00e9 de la lame se d\u00e9place tr\u00e8s vite et c&rsquo;est cette extr\u00e9mit\u00e9 (le dernier 1\/3) qui sert \u00e0 trancher. Or le katana p\u00e8se entre 1 et 1,5 kilogramme et se d\u00e9place \u00e0 grande vitesse, il faut donc le maintenir assez fermement pour que l&rsquo;inertie ne le fasse pas partir. La main exerce une prise au-dessus du sabre ( le pratiquant est toujours derri\u00e8re son sabre, seul rempart contre une attaque), les doigts servant au \u00ab\u00a0d\u00e9roul\u00e9\u00a0\u00bb et au maintien, un samura\u00ef ayant failli, se coupait l&rsquo;auriculaire droit en expiation et l&rsquo;offrait \u00e0 son daimyo ou shogun, il lui devenait donc extr\u00eamement difficile de se battre, ce doigt \u00e9tant extr\u00eamement important pour saisir un objet (en l&rsquo;occurrence la poign\u00e9e du sabre, cependant, cela est valable pour tout manche d&rsquo;outil). L&rsquo;entrainement se fait avec un iaito ou un bokken afin de pas ab\u00eemer son katana ou son shinken, on utilise une saya d&rsquo;entrainement si l&rsquo;on poss\u00e8de un katana.<\/p>\n<p><a class=\"lienNoir\" href=\"http:\/\/fr.wikipedia.org\/wiki\/Iaido\" target=\"_blank\" rel=\"noopener\">Source Wikip\u00e9dia (lien vers l&rsquo;article \u00ab\u00a0Ia\u00efdo\u00a0\u00bb)<\/a><br \/>\n<a class=\"lienNoir\" href=\"http:\/\/fr.wikipedia.org\/w\/index.php?title=Iaid%C5%8D&amp;action=history\" target=\"_blank\" rel=\"noopener\">Historique d&rsquo;\u00e9dition de la page<\/a><br \/>\n<a class=\"lienNoir\" href=\"http:\/\/www.gnu.org\/copyleft\/fdl.html\" target=\"_blank\" rel=\"noopener\">Licence de documentation libre GNU<\/a><\/p>\n","protected":false},"excerpt":{"rendered":"<p>Le ia\u00efdo (L&rsquo;art de d\u00e9gainer le sabre) est un art martial d&rsquo;origine japonaise se focalisant sur l&rsquo;acte de d\u00e9gainer le sabre et de trancher en un seul mouvement. Tout comme pour les autres budo, cette \u00e9cole se focalise plus sur <a class=\"more-link\" href=\"https:\/\/www.jkcf.com\/?page_id=87\">Continuer la lecture <span class=\"screen-reader-text\">  Le Ia\u00efdo : qu&rsquo;est-ce que c&rsquo;est ?<\/span><span class=\"meta-nav\">&rarr;<\/span><\/a><\/p>\n","protected":false},"author":1,"featured_media":0,"parent":264,"menu_order":0,"comment_status":"open","ping_status":"closed","template":"","meta":{"ngg_post_thumbnail":0,"iawp_total_views":273,"footnotes":""},"class_list":["post-87","page","type-page","status-publish","hentry"],"_links":{"self":[{"href":"https:\/\/www.jkcf.com\/index.php?rest_route=\/wp\/v2\/pages\/87","targetHints":{"allow":["GET"]}}],"collection":[{"href":"https:\/\/www.jkcf.com\/index.php?rest_route=\/wp\/v2\/pages"}],"about":[{"href":"https:\/\/www.jkcf.com\/index.php?rest_route=\/wp\/v2\/types\/page"}],"author":[{"embeddable":true,"href":"https:\/\/www.jkcf.com\/index.php?rest_route=\/wp\/v2\/users\/1"}],"replies":[{"embeddable":true,"href":"https:\/\/www.jkcf.com\/index.php?rest_route=%2Fwp%2Fv2%2Fcomments&post=87"}],"version-history":[{"count":3,"href":"https:\/\/www.jkcf.com\/index.php?rest_route=\/wp\/v2\/pages\/87\/revisions"}],"predecessor-version":[{"id":3854,"href":"https:\/\/www.jkcf.com\/index.php?rest_route=\/wp\/v2\/pages\/87\/revisions\/3854"}],"up":[{"embeddable":true,"href":"https:\/\/www.jkcf.com\/index.php?rest_route=\/wp\/v2\/pages\/264"}],"wp:attachment":[{"href":"https:\/\/www.jkcf.com\/index.php?rest_route=%2Fwp%2Fv2%2Fmedia&parent=87"}],"curies":[{"name":"wp","href":"https:\/\/api.w.org\/{rel}","templated":true}]}}