{"id":83,"date":"2014-04-16T08:23:24","date_gmt":"2014-04-16T07:23:24","guid":{"rendered":"http:\/\/192.168.0.12\/wordpress\/?page_id=83"},"modified":"2023-08-20T17:33:28","modified_gmt":"2023-08-20T15:33:28","slug":"laikido-quest-ce-que-cest","status":"publish","type":"page","link":"https:\/\/www.jkcf.com\/?page_id=83","title":{"rendered":"L&rsquo;A\u00efkido : qu&rsquo;est-ce que c&rsquo;est ?"},"content":{"rendered":"<p><img loading=\"lazy\" decoding=\"async\" class=\"alignleft wp-image-4 size-medium\" src=\"https:\/\/www.jkcf.com\/wp-content\/uploads\/2014\/04\/aikido-300x199.jpg\" alt=\"aikido\" width=\"300\" height=\"199\"><\/p>\n<p><strong>L&rsquo;a\u00efkido (La Voie de l&rsquo;harmonie des \u00e9nergies)<\/strong> est un budo (art martial japonais) essentiellement d\u00e9fensif, fond\u00e9 par Morihei Ueshiba au cours du XXe si\u00e8cle, entre 1930 et 1960 (officiellement reconnu par le gouvernement japonais en 1940 sous le nom d&rsquo;aikibudo), mais bas\u00e9 sur des \u00e9coles d&rsquo;arts martiaux bien plus anciennes (essentiellement le jujutsu de l&rsquo;\u00e9cole daito ryu, l&rsquo;escrime ou kenjutsu et l&rsquo;Aikijutsu). Il est le r\u00e9sultat de la volont\u00e9 de Ma\u00eetre Ueshiba de cr\u00e9er un art martial permettant de neutraliser n&rsquo;importe quel type d&rsquo;adversaire sans violences.<\/p>\n<p>L&rsquo;a\u00efkido se compose de techniques aux armes et \u00e0 mains nues utilisant la force de l&rsquo;adversaire, ou plut\u00f4t son agressivit\u00e9 et sa volont\u00e9 de nuire. Ces techniques visent non pas \u00e0 vaincre l&rsquo;adversaire, mais \u00e0 r\u00e9duire sa tentative d&rsquo;agression \u00e0 n\u00e9ant. L&rsquo;a\u00efkido peut \u00eatre consid\u00e9r\u00e9 comme la concr\u00e9tisation du concept de l\u00e9gitime d\u00e9fense : une r\u00e9action proportionn\u00e9e et imm\u00e9diate \u00e0 une agression. En fait, dans l&rsquo;esprit de l&rsquo;a\u00efkido, il n&rsquo;y a pas de combat, puisque celui-ci se termine au moment m\u00eame o\u00f9 il commence. Conform\u00e9ment \u00e0 cette logique, il n&rsquo;existe pas de comp\u00e9tition d&rsquo;a\u00efkido except\u00e9 dans certains styles particuliers comme le style Tomiki.<br \/>\nL&rsquo;a\u00efkido est pratiqu\u00e9 par des femmes et des hommes de toutes tailles et ages. Le but de la pratique est de s&rsquo;am\u00e9liorer, de progresser (techniquement, physiquement et mentalement) dans la bonne humeur (Morihei Ueshiba insistait beaucoup sur ce point). Ne sont montr\u00e9es que des techniques respectant le partenaire. Particuli\u00e8rement complexe, son utilisation en combat r\u00e9el n\u00e9cessite un haut niveau de pratique. Malgr\u00e9 tout, l&rsquo;a\u00efkido permet de se pr\u00e9parer autant physiquement (souplesse, rapidit\u00e9, musculature), mentalement (rester calme en toutes circonstances) et techniquement (respecter la distance de s\u00e9curit\u00e9, trouver l&rsquo;ouverture, se placer, g\u00e9rer plusieurs attaques simultan\u00e9es) \u00e0 l&rsquo;\u00e9ventualit\u00e9 d&rsquo;attaques de toutes sortes (pas seulement martiales).<\/p>\n","protected":false},"excerpt":{"rendered":"<p>L&rsquo;a\u00efkido (La Voie de l&rsquo;harmonie des \u00e9nergies) est un budo (art martial japonais) essentiellement d\u00e9fensif, fond\u00e9 par Morihei Ueshiba au cours du XXe si\u00e8cle, entre 1930 et 1960 (officiellement reconnu par le gouvernement japonais en 1940 sous le nom d&rsquo;aikibudo), <a class=\"more-link\" href=\"https:\/\/www.jkcf.com\/?page_id=83\">Continuer la lecture <span class=\"screen-reader-text\">  L&rsquo;A\u00efkido : qu&rsquo;est-ce que c&rsquo;est ?<\/span><span class=\"meta-nav\">&rarr;<\/span><\/a><\/p>\n","protected":false},"author":1,"featured_media":0,"parent":264,"menu_order":0,"comment_status":"open","ping_status":"closed","template":"","meta":{"ngg_post_thumbnail":0,"iawp_total_views":276,"footnotes":""},"class_list":["post-83","page","type-page","status-publish","hentry"],"_links":{"self":[{"href":"https:\/\/www.jkcf.com\/index.php?rest_route=\/wp\/v2\/pages\/83","targetHints":{"allow":["GET"]}}],"collection":[{"href":"https:\/\/www.jkcf.com\/index.php?rest_route=\/wp\/v2\/pages"}],"about":[{"href":"https:\/\/www.jkcf.com\/index.php?rest_route=\/wp\/v2\/types\/page"}],"author":[{"embeddable":true,"href":"https:\/\/www.jkcf.com\/index.php?rest_route=\/wp\/v2\/users\/1"}],"replies":[{"embeddable":true,"href":"https:\/\/www.jkcf.com\/index.php?rest_route=%2Fwp%2Fv2%2Fcomments&post=83"}],"version-history":[{"count":3,"href":"https:\/\/www.jkcf.com\/index.php?rest_route=\/wp\/v2\/pages\/83\/revisions"}],"predecessor-version":[{"id":3852,"href":"https:\/\/www.jkcf.com\/index.php?rest_route=\/wp\/v2\/pages\/83\/revisions\/3852"}],"up":[{"embeddable":true,"href":"https:\/\/www.jkcf.com\/index.php?rest_route=\/wp\/v2\/pages\/264"}],"wp:attachment":[{"href":"https:\/\/www.jkcf.com\/index.php?rest_route=%2Fwp%2Fv2%2Fmedia&parent=83"}],"curies":[{"name":"wp","href":"https:\/\/api.w.org\/{rel}","templated":true}]}}