{"id":74,"date":"2014-04-15T20:25:26","date_gmt":"2014-04-15T20:25:26","guid":{"rendered":"http:\/\/192.168.0.12\/wordpress\/?page_id=74"},"modified":"2023-08-20T17:31:44","modified_gmt":"2023-08-20T15:31:44","slug":"a-propos","status":"publish","type":"page","link":"https:\/\/www.jkcf.com\/?page_id=74","title":{"rendered":"A Propos"},"content":{"rendered":"<p style=\"text-align: justify;\">Le Judo Kendo Club Fontenay-le-Comte est un Dojo Vend\u00e9en retranch\u00e9 \u00e0 Fontenay-le-Comte, o\u00f9 l&rsquo;on pratique 7 disciplines d&rsquo;arts martiaux : le Judo, le Kendo, l&rsquo;A\u00efkido, le Ia\u00efdo, le Ju-jitsu, le Ta\u00efso et le Babydo.<\/p>\n<p style=\"text-align: justify;\">Sur ce site, il vous sera propos\u00e9 les derni\u00e8res actualit\u00e9s, informations, r\u00e9sultats et photos du club quelle que soit la discipline du club, mais aussi les informations g\u00e9n\u00e9rales. La mise \u00e0 jour est effectu\u00e9e par le webmaster (administrateur du site, en fonction des remont\u00e9es des Senseis et \/ou des membres actifs du club).<\/p>\n<p><em><strong>Pour nous contacter <\/strong><\/em><\/p>\n<p><span style=\"text-decoration: underline;\">Adresse postale<\/span> : Judo Kendo Club Fontenay-le-Comte<br \/>\nPlaine des sports Avenue du G\u00e9n\u00e9ral de GAULLE<br \/>\n85200 FONTENAY LE COMTE<\/p>\n<p><span style=\"text-decoration: underline;\">T\u00e9l\u00e9phone<\/span> : 02 51 51 09 91<\/p>\n<p><span style=\"text-decoration: underline;\">E-mail<\/span> : <a href=\"mailto:jkcf@jkcf.com\">jkcf@jkcf.com<\/a><\/p>\n<p style=\"text-align: justify;\">Pour contacter l&rsquo;administrateur du site : <a href=\"mailto:postmaster@jkcf.com\">postmaster@jkcf.com<\/a><\/p>\n<p style=\"text-align: justify;\"><strong><em>Mentions L\u00e9gales<\/em><\/strong><br \/>\nTous les contenus pr\u00e9sents sur ce site (images, logos, textes, vid\u00e9os) sont la propri\u00e9t\u00e9 exclusive, sauf mention contraire, du Judo Kendo Club Fontenay-le-Comte (J.K.C.F.). Merci de ne pas les copier, reproduire ou redistribuer, sans une autorisation pr\u00e9alable.<\/p>\n<hr>\n<p>Cr\u00e9ateur et \u00e9diteur du site www.jkcf.com : Anthony COUE<br \/>\nE-mail : <a href=\"mailto:postmaster@jkcf.com\">postmaster@jkcf.com<\/a><br \/>\nH\u00e9bergement r\u00e9alis\u00e9 par OVH<\/p>\n<p><strong>Droits d&rsquo;auteur<\/strong><br \/>\nLe site www.jkcf.com constitue une \u0153uvre de l&rsquo;esprit au sens des dispositions des articles L 111-1 et suivants du Code de la Propri\u00e9t\u00e9 Intellectuelle et, \u00e0 ce titre, www.jkcf.com b\u00e9n\u00e9ficie en sa qualit\u00e9 d&rsquo;auteur de cette cr\u00e9ation originale, d&rsquo;une protection et des droits r\u00e9serv\u00e9s par la loi.<br \/>\nLes textes, photos, dessins, graphismes et autres \u00e9l\u00e9ments de ce site sont prot\u00e9g\u00e9s par les droits d&rsquo;auteur.<br \/>\nToute copie, adaptation, traduction, modification, et autre exploitation, modification de tout ou partie du site, sous quelque forme et par quelques moyens que ce soit m\u00e9canique ou autre, est strictement interdit, sauf accord pr\u00e9alable et \u00e9crit par le pr\u00e9sident de l&rsquo;association.<br \/>\nToute reproduction ou repr\u00e9sentation, int\u00e9grale ou partielle, faite sans le consentement de l&rsquo;auteur, serait illicite et constituerait une contrefa\u00e7on, engageant la responsabilit\u00e9 civile ou p\u00e9nale de l&rsquo;auteur de la contrefa\u00e7on.<\/p>\n<p><strong>Informatique et Libert\u00e9s<\/strong><br \/>\nConform\u00e9ment \u00e0 la loi Informatique et Libert\u00e9 du 6 janvier 1978, les personnes ayant fourni des informations personnelles ont un droit de regard total sur celles-ci.<br \/>\nVous disposez d&rsquo;un droit d&rsquo;acc\u00e8s, de modification, de rectification et de suppression des donn\u00e9es qui vous concernent (art. 34 de la loi Informatique et Libert\u00e9s).<br \/>\nVous pouvez exercer ce droit en \u00e9crivant par mail \u00e0 l&rsquo;adresse suivante : postmaster@jkcf.com<\/p>\n<p>De plus, aucune information personnelle n&rsquo;est collect\u00e9e \u00e0 l&rsquo;insu des utilisateurs du site, ni c\u00e9d\u00e9e \u00e0 des tiers, ni utilis\u00e9e \u00e0 des fins non pr\u00e9vues.<br \/>\nCes informations susceptibles d&rsquo;\u00eatre collect\u00e9es sur le pr\u00e9sent site, \u00e9tant exclusivement destin\u00e9es \u00e0 la prise de contact, par le biais du formulaire correspondant.<\/p>\n","protected":false},"excerpt":{"rendered":"<p>Le Judo Kendo Club Fontenay-le-Comte est un Dojo Vend\u00e9en retranch\u00e9 \u00e0 Fontenay-le-Comte, o\u00f9 l&rsquo;on pratique 7 disciplines d&rsquo;arts martiaux : le Judo, le Kendo, l&rsquo;A\u00efkido, le Ia\u00efdo, le Ju-jitsu, le Ta\u00efso et le Babydo. Sur ce site, il vous sera <a class=\"more-link\" href=\"https:\/\/www.jkcf.com\/?page_id=74\">Continuer la lecture <span class=\"screen-reader-text\">  A Propos<\/span><span class=\"meta-nav\">&rarr;<\/span><\/a><\/p>\n","protected":false},"author":1,"featured_media":0,"parent":0,"menu_order":0,"comment_status":"open","ping_status":"closed","template":"","meta":{"ngg_post_thumbnail":0,"iawp_total_views":291,"footnotes":""},"class_list":["post-74","page","type-page","status-publish","hentry"],"_links":{"self":[{"href":"https:\/\/www.jkcf.com\/index.php?rest_route=\/wp\/v2\/pages\/74","targetHints":{"allow":["GET"]}}],"collection":[{"href":"https:\/\/www.jkcf.com\/index.php?rest_route=\/wp\/v2\/pages"}],"about":[{"href":"https:\/\/www.jkcf.com\/index.php?rest_route=\/wp\/v2\/types\/page"}],"author":[{"embeddable":true,"href":"https:\/\/www.jkcf.com\/index.php?rest_route=\/wp\/v2\/users\/1"}],"replies":[{"embeddable":true,"href":"https:\/\/www.jkcf.com\/index.php?rest_route=%2Fwp%2Fv2%2Fcomments&post=74"}],"version-history":[{"count":10,"href":"https:\/\/www.jkcf.com\/index.php?rest_route=\/wp\/v2\/pages\/74\/revisions"}],"predecessor-version":[{"id":4112,"href":"https:\/\/www.jkcf.com\/index.php?rest_route=\/wp\/v2\/pages\/74\/revisions\/4112"}],"wp:attachment":[{"href":"https:\/\/www.jkcf.com\/index.php?rest_route=%2Fwp%2Fv2%2Fmedia&parent=74"}],"curies":[{"name":"wp","href":"https:\/\/api.w.org\/{rel}","templated":true}]}}