{"id":6,"date":"2014-04-15T08:15:55","date_gmt":"2014-04-15T07:15:55","guid":{"rendered":"http:\/\/192.168.0.12\/wordpress\/?page_id=2"},"modified":"2023-08-20T17:36:11","modified_gmt":"2023-08-20T15:36:11","slug":"sample-page","status":"publish","type":"page","link":"https:\/\/www.jkcf.com\/?page_id=6","title":{"rendered":"Le Judo : qu&rsquo;est ce que c&rsquo;est ?"},"content":{"rendered":"<p>Le <strong>judo<\/strong> (voie de la souplesse) est un art martial et un sport de combat d&rsquo;origine japonaise (budo), fond\u00e9 par Jigoro Kano en 1882. Il se compose pour l&rsquo;essentiel de techniques de projection, de contr\u00f4le au sol, d&rsquo;\u00e9tranglements et de clefs.<\/p>\n<p><img loading=\"lazy\" decoding=\"async\" class=\"size-medium wp-image-7 alignleft\" src=\"https:\/\/www.jkcf.com\/wp-content\/uploads\/2014\/04\/judo-300x199.jpg\" alt=\"judo\" width=\"300\" height=\"199\"><\/p>\n<p>Le lieu o\u00f9 l&rsquo;on pratique le judo s&rsquo;appelle le dojo. Les pratiquants (les judokas) portent une tenue en coton renforc\u00e9e appel\u00e9e judogi, souvent appel\u00e9e \u00e0 tort kimono, qui est le nom g\u00e9n\u00e9rique de la tenue traditionnelle japonaise. Le judogi est g\u00e9n\u00e9ralement blanc, mais pour faciliter la distinction entre les combattants dans les comp\u00e9titions, l&rsquo;un des deux judokas peut rev\u00eatir un judogi bleu pour les comp\u00e9titions \u00e0 partir du niveau national (pour les niveaux inf\u00e9rieurs, la distinction se fait \u00e0 l&rsquo;aide de ceinture rouge ou blanche). Le judo se pratique pieds nus.<\/p>\n<p><a href=\"http:\/\/fr.wikipedia.org\/wiki\/Judo\" target=\"_blank\" rel=\"noopener\">Source Wikip\u00e9dia (lien vers l&rsquo;article \u00ab\u00a0Judo\u00a0\u00bb)<\/a><br \/>\n<a href=\"http:\/\/fr.wikipedia.org\/w\/index.php?title=Judo&amp;action=history\" target=\"_blank\" rel=\"noopener\">Historique d&rsquo;\u00e9dition de la page<\/a><br \/>\n<a href=\"http:\/\/www.gnu.org\/copyleft\/fdl.html\" target=\"_blank\" rel=\"noopener\">Licence de documentation libre GNU<\/a><\/p>\n","protected":false},"excerpt":{"rendered":"<p>Le judo (voie de la souplesse) est un art martial et un sport de combat d&rsquo;origine japonaise (budo), fond\u00e9 par Jigoro Kano en 1882. Il se compose pour l&rsquo;essentiel de techniques de projection, de contr\u00f4le au sol, d&rsquo;\u00e9tranglements et de <a class=\"more-link\" href=\"https:\/\/www.jkcf.com\/?page_id=6\">Continuer la lecture <span class=\"screen-reader-text\">  Le Judo : qu&rsquo;est ce que c&rsquo;est ?<\/span><span class=\"meta-nav\">&rarr;<\/span><\/a><\/p>\n","protected":false},"author":1,"featured_media":0,"parent":264,"menu_order":0,"comment_status":"open","ping_status":"closed","template":"","meta":{"ngg_post_thumbnail":0,"iawp_total_views":238,"footnotes":""},"class_list":["post-6","page","type-page","status-publish","hentry"],"_links":{"self":[{"href":"https:\/\/www.jkcf.com\/index.php?rest_route=\/wp\/v2\/pages\/6","targetHints":{"allow":["GET"]}}],"collection":[{"href":"https:\/\/www.jkcf.com\/index.php?rest_route=\/wp\/v2\/pages"}],"about":[{"href":"https:\/\/www.jkcf.com\/index.php?rest_route=\/wp\/v2\/types\/page"}],"author":[{"embeddable":true,"href":"https:\/\/www.jkcf.com\/index.php?rest_route=\/wp\/v2\/users\/1"}],"replies":[{"embeddable":true,"href":"https:\/\/www.jkcf.com\/index.php?rest_route=%2Fwp%2Fv2%2Fcomments&post=6"}],"version-history":[{"count":3,"href":"https:\/\/www.jkcf.com\/index.php?rest_route=\/wp\/v2\/pages\/6\/revisions"}],"predecessor-version":[{"id":3856,"href":"https:\/\/www.jkcf.com\/index.php?rest_route=\/wp\/v2\/pages\/6\/revisions\/3856"}],"up":[{"embeddable":true,"href":"https:\/\/www.jkcf.com\/index.php?rest_route=\/wp\/v2\/pages\/264"}],"wp:attachment":[{"href":"https:\/\/www.jkcf.com\/index.php?rest_route=%2Fwp%2Fv2%2Fmedia&parent=6"}],"curies":[{"name":"wp","href":"https:\/\/api.w.org\/{rel}","templated":true}]}}