{"id":3820,"date":"2023-08-20T16:37:52","date_gmt":"2023-08-20T14:37:52","guid":{"rendered":"https:\/\/www.jkcf.com\/?page_id=3820"},"modified":"2023-08-20T16:54:08","modified_gmt":"2023-08-20T14:54:08","slug":"politique-de-confidentialite","status":"publish","type":"page","link":"https:\/\/www.jkcf.com\/?page_id=3820","title":{"rendered":"Politique de confidentialit\u00e9"},"content":{"rendered":"\n<h2 class=\"wp-block-heading\" id=\"qui-sommes-nous\">Qui sommes-nous&nbsp;?<\/h2>\n\n\n\n<p>Le Judo Kendo Club Fontenay-le-Comte est un Dojo Vend\u00e9en retranch\u00e9 \u00e0 Fontenay-le-Comte, o\u00f9 l\u2019on pratique 7 disciplines d\u2019arts martiaux : le Judo, le Kendo, l\u2019A\u00efkido, le Ia\u00efdo, le Ju-jitsu, le Ta\u00efso et le Babydo.<\/p>\n\n\n\n<ul class=\"wp-block-list\">\n<li>Pr\u00e9sident : Jean-Claude BOUSIQUE<\/li>\n\n\n\n<li>Adresse du site : https:\/\/www.jkcf.com<\/li>\n\n\n\n<li>E-mail de contact : jkcf@jkcf.com<\/li>\n\n\n\n<li>Pour contacter l\u2019administrateur du site : postmaster@jkcf.com<\/li>\n<\/ul>\n\n\n\n<hr class=\"wp-block-separator has-alpha-channel-opacity\"\/>\n\n\n\n<h2 class=\"wp-block-heading\" id=\"commentaires\">Commentaires<\/h2>\n\n\n\n<p>Quand vous laissez un commentaire sur notre site, les donn\u00e9es inscrites dans le formulaire de commentaire, mais aussi votre adresse IP et l\u2019agent utilisateur de votre navigateur sont collect\u00e9s pour nous aider \u00e0 la d\u00e9tection des commentaires ind\u00e9sirables.<\/p>\n\n\n\n<hr class=\"wp-block-separator has-alpha-channel-opacity\"\/>\n\n\n\n<h2 class=\"wp-block-heading\" id=\"medias\">M\u00e9dias<\/h2>\n\n\n\n<p>Si vous t\u00e9l\u00e9versez des images sur le site, nous vous conseillons d\u2019\u00e9viter de t\u00e9l\u00e9verser des images contenant des donn\u00e9es EXIF de coordonn\u00e9es GPS. Les personnes visitant votre site peuvent t\u00e9l\u00e9charger et extraire des donn\u00e9es de localisation depuis ces images.<\/p>\n\n\n\n<p>Tous les contenus pr\u00e9sents sur ce site (images, logos, textes, vid\u00e9os) sont la propri\u00e9t\u00e9 exclusive, sauf mention contraire, du Judo Kendo Club Fontenay-le-Comte (J.K.C.F.). Merci de ne pas les copier, reproduire ou redistribuer, sans une autorisation pr\u00e9alable.<\/p>\n\n\n\n<hr class=\"wp-block-separator has-alpha-channel-opacity\"\/>\n\n\n\n<h2 class=\"wp-block-heading\" id=\"formulaires\">Formulaires de contact<\/h2>\n\n\n\n<p>Les donn\u00e9es personnelles collect\u00e9es via le formulaire de contact, c&rsquo;est-\u00e0-dire nom et pr\u00e9nom, saisis par l&rsquo;utilisateur et l&rsquo;adresse e-mail sont exclusivement destin\u00e9es \u00e0 la prise de contact.<\/p>\n\n\n\n<hr class=\"wp-block-separator has-alpha-channel-opacity\"\/>\n\n\n\n<h2 class=\"wp-block-heading\">E-mails et newsletter<\/h2>\n\n\n\n<p>Si vous \u00eates abonn\u00e9\u00b7e \u00e0 notre newsletter ou si vous \u00eates membre de notre site (vous pouvez vous y connecter) ou si vous avez achet\u00e9 sur notre site, il y a de grandes chances que vous receviez des e-mails de notre part.<\/p>\n\n\n\n<p>Nous vous enverrons uniquement des e-mails que vous avez accept\u00e9 de recevoir, ou qui concernent les services que nous vous fournissons.<\/p>\n\n\n\n<p>Pour vous envoyer des e-mails, nous utilisons le nom et l\u2019adresse e-mail que vous nous avez fourni. Notre site stocke aussi l\u2019adresse IP que vous avez utilis\u00e9 lorsque vous avez sign\u00e9 pour le service pour emp\u00eacher un abus du syst\u00e8me.<\/p>\n\n\n\n<p>Ce site peut envoyer des e-mails via le <a target=\"_blank\" href=\"https:\/\/www.mailpoet.com\/privacy-notice\/\" rel=\"noreferrer noopener\">service d\u2019envoi MailPoet<\/a>. Ce service nous permet de suivre les clics et les ouvertures de nos e-mails. Nous utilisons cette information pour am\u00e9liorer le contenu de nos newsletters.<\/p>\n\n\n\n<p>Aucune information identifiable n\u2019est autrement retrac\u00e9e en dehors de ce site, \u00e0 l\u2019exception de l\u2019adresse e-mail.<\/p>\n\n\n\n<hr class=\"wp-block-separator has-alpha-channel-opacity\"\/>\n\n\n\n<h2 class=\"wp-block-heading\" id=\"cookies\">Cookies<\/h2>\n\n\n\n<hr class=\"wp-block-separator has-alpha-channel-opacity\"\/>\n\n\n\n<h2 class=\"wp-block-heading\" id=\"contenu-embarque-depuis-d-autres-sites\">Contenu embarqu\u00e9 depuis d\u2019autres sites<\/h2>\n\n\n\n<p>Les articles de ce site peuvent inclure des contenus int\u00e9gr\u00e9s (par exemple des vid\u00e9os, images, articles\u2026). Le contenu int\u00e9gr\u00e9 depuis d\u2019autres sites se comporte de la m\u00eame mani\u00e8re que si le visiteur se rendait sur cet autre site. Ces sites web pourraient collecter des donn\u00e9es sur vous, utiliser des cookies, embarquer des outils de suivis tiers, suivre vos interactions avec ces contenus embarqu\u00e9s si vous disposez d\u2019un compte connect\u00e9 sur leur site web.<\/p>\n\n\n\n<hr class=\"wp-block-separator has-alpha-channel-opacity\"\/>\n\n\n\n<h2 class=\"wp-block-heading\" id=\"utilisation-et-transmission-de-vos-donnees-personnelles\">Utilisation et transmission de vos donn\u00e9es personnelles<\/h2>\n\n\n\n<p>Nous r\u00e9coltons des informations sur les visiteurs qui laissent des commentaires sur les sites utilisant Akismet, notre service contre les ind\u00e9sirables. Les informations r\u00e9colt\u00e9es d\u00e9pendent des r\u00e9glages Akismet sur le site, et incluent g\u00e9n\u00e9ralement l\u2019adresse IP des commentateurs, l\u2019agent utilisateur, le r\u00e9f\u00e9rent et l\u2019URL du site (ainsi que d\u2019autres informations fournies directement par le commentateur comme son nom, identifiant, adresse e-mail et son commentaire).  De plus, aucune information personnelle n\u2019est collect\u00e9e \u00e0 l\u2019insu des utilisateurs du site, ni c\u00e9d\u00e9e \u00e0 des tiers, ni utilis\u00e9e \u00e0 des fins non pr\u00e9vues.<\/p>\n\n\n\n<hr class=\"wp-block-separator has-alpha-channel-opacity\"\/>\n\n\n\n<h2 class=\"wp-block-heading\" id=\"durees-de-stockage-de-vos-donnees\">Dur\u00e9es de stockage de vos donn\u00e9es<\/h2>\n\n\n\n<p>Si vous laissez un commentaire, le commentaire et ses m\u00e9tadonn\u00e9es sont conserv\u00e9s ind\u00e9finiment. Cela permet de reconna\u00eetre et approuver automatiquement les commentaires suivants au lieu de les laisser dans la file de mod\u00e9ration.<\/p>\n\n\n\n<hr class=\"wp-block-separator has-alpha-channel-opacity\"\/>\n\n\n\n<h2 class=\"wp-block-heading\" id=\"les-droits-que-vous-avez-sur-vos-donnees\">Les droits que vous avez sur vos donn\u00e9es<\/h2>\n\n\n\n<p>Si vous avez laiss\u00e9 des commentaires sur le site, vous pouvez demander \u00e0 recevoir un fichier contenant toutes les donn\u00e9es personnelles que nous poss\u00e9dons \u00e0 votre sujet, incluant celles que vous nous avez fournies. Vous pouvez \u00e9galement demander la suppression des donn\u00e9es personnelles vous concernant. Cela ne prend pas en compte les donn\u00e9es stock\u00e9es \u00e0 des fins administratives, l\u00e9gales ou pour des raisons de s\u00e9curit\u00e9.<\/p>\n","protected":false},"excerpt":{"rendered":"<p>Qui sommes-nous&nbsp;? Le Judo Kendo Club Fontenay-le-Comte est un Dojo Vend\u00e9en retranch\u00e9 \u00e0 Fontenay-le-Comte, o\u00f9 l\u2019on pratique 7 disciplines d\u2019arts martiaux : le Judo, le Kendo, l\u2019A\u00efkido, le Ia\u00efdo, le Ju-jitsu, le Ta\u00efso et le Babydo. Commentaires Quand vous laissez <a class=\"more-link\" href=\"https:\/\/www.jkcf.com\/?page_id=3820\">Continuer la lecture <span class=\"screen-reader-text\">  Politique de confidentialit\u00e9<\/span><span class=\"meta-nav\">&rarr;<\/span><\/a><\/p>\n","protected":false},"author":1,"featured_media":0,"parent":0,"menu_order":0,"comment_status":"closed","ping_status":"closed","template":"","meta":{"ngg_post_thumbnail":0,"iawp_total_views":25,"footnotes":""},"class_list":["post-3820","page","type-page","status-publish","hentry"],"_links":{"self":[{"href":"https:\/\/www.jkcf.com\/index.php?rest_route=\/wp\/v2\/pages\/3820","targetHints":{"allow":["GET"]}}],"collection":[{"href":"https:\/\/www.jkcf.com\/index.php?rest_route=\/wp\/v2\/pages"}],"about":[{"href":"https:\/\/www.jkcf.com\/index.php?rest_route=\/wp\/v2\/types\/page"}],"author":[{"embeddable":true,"href":"https:\/\/www.jkcf.com\/index.php?rest_route=\/wp\/v2\/users\/1"}],"replies":[{"embeddable":true,"href":"https:\/\/www.jkcf.com\/index.php?rest_route=%2Fwp%2Fv2%2Fcomments&post=3820"}],"version-history":[{"count":6,"href":"https:\/\/www.jkcf.com\/index.php?rest_route=\/wp\/v2\/pages\/3820\/revisions"}],"predecessor-version":[{"id":3836,"href":"https:\/\/www.jkcf.com\/index.php?rest_route=\/wp\/v2\/pages\/3820\/revisions\/3836"}],"wp:attachment":[{"href":"https:\/\/www.jkcf.com\/index.php?rest_route=%2Fwp%2Fv2%2Fmedia&parent=3820"}],"curies":[{"name":"wp","href":"https:\/\/api.w.org\/{rel}","templated":true}]}}