{"id":302,"date":"2014-04-18T22:02:40","date_gmt":"2014-04-18T21:02:40","guid":{"rendered":"http:\/\/www.jkcf.com\/?page_id=302"},"modified":"2025-02-12T11:50:02","modified_gmt":"2025-02-12T10:50:02","slug":"cn-iaido","status":"publish","type":"page","link":"https:\/\/www.jkcf.com\/?page_id=302","title":{"rendered":"Ceintures Noires d&rsquo;Ia\u00efdo"},"content":{"rendered":"<ul>\n<li>Jean-Claude BOUSIQUE &#8211; 6\u00e8me Dan Renshi<\/li>\n<li>Arnaud BONNET &#8211; 5\u00e8me Dan<\/li>\n<li>Robert LEBERRE &#8211; 4\u00e8me Dan<\/li>\n<li>Alexandre POLONI &#8211; 4\u00e8me Dan<\/li>\n<li>Thierry PORTANGUEN &#8211; 4\u00e8me Dan<\/li>\n<li>Elyse VALSER &#8211; 4\u00e8me Dan<\/li>\n<li>Myriam BISSAINTE &#8211; 3\u00e8me Dan<\/li>\n<li>Raynal COSTANTINI &#8211; 3\u00e8me Dan<\/li>\n<li>Christiane DAVID &#8211; 3\u00e8me Dan<\/li>\n<li>Jan-Marc FERLY &#8211; 3\u00e8me Dan<\/li>\n<li>Jean-Michel GUEDJADI &#8211; 3\u00e8me Dan<\/li>\n<li>Luc MARENT &#8211; 3\u00e8me Dan<\/li>\n<li>Aline BOUILLAUD &#8211; 2\u00e8me Dan<\/li>\n<li>Amaury JOGGET &#8211; 2\u00e8me Dan<\/li>\n<li>Christian LEMPEREUR &#8211; 2\u00e8me Dan<\/li>\n<li>Jean-Luc RIGAULT &#8211; 2\u00e8me Dan<\/li>\n<li>Nelly DURAND &#8211; 2\u00e8me Dan<\/li>\n<li>Philippe PIRSCH &#8211; 2\u00e8me Dan<\/li>\n<li>C\u00e9dric ZANIN &#8211; 2\u00e8me Dan<\/li>\n<li>Ritchy EMBOULE &#8211; 2\u00e8me Dan<\/li>\n<li>Elvis BARGAS &#8211; 2\u00e8me Dan<\/li>\n<li>Barbara BLOHORN &#8211; 1er Dan<\/li>\n<li>Christophe TRAN &#8211; 1er Dan<\/li>\n<\/ul>\n","protected":false},"excerpt":{"rendered":"<p>Jean-Claude BOUSIQUE &#8211; 6\u00e8me Dan Renshi Arnaud BONNET &#8211; 5\u00e8me Dan Robert LEBERRE &#8211; 4\u00e8me Dan Alexandre POLONI &#8211; 4\u00e8me Dan Thierry PORTANGUEN &#8211; 4\u00e8me Dan Elyse VALSER &#8211; 4\u00e8me Dan Myriam BISSAINTE &#8211; 3\u00e8me Dan Raynal COSTANTINI &#8211; 3\u00e8me <a class=\"more-link\" href=\"https:\/\/www.jkcf.com\/?page_id=302\">Continuer la lecture <span class=\"screen-reader-text\">  Ceintures Noires d&rsquo;Ia\u00efdo<\/span><span class=\"meta-nav\">&rarr;<\/span><\/a><\/p>\n","protected":false},"author":1,"featured_media":0,"parent":0,"menu_order":0,"comment_status":"open","ping_status":"closed","template":"","meta":{"ngg_post_thumbnail":0,"iawp_total_views":164,"footnotes":""},"class_list":["post-302","page","type-page","status-publish","hentry"],"_links":{"self":[{"href":"https:\/\/www.jkcf.com\/index.php?rest_route=\/wp\/v2\/pages\/302","targetHints":{"allow":["GET"]}}],"collection":[{"href":"https:\/\/www.jkcf.com\/index.php?rest_route=\/wp\/v2\/pages"}],"about":[{"href":"https:\/\/www.jkcf.com\/index.php?rest_route=\/wp\/v2\/types\/page"}],"author":[{"embeddable":true,"href":"https:\/\/www.jkcf.com\/index.php?rest_route=\/wp\/v2\/users\/1"}],"replies":[{"embeddable":true,"href":"https:\/\/www.jkcf.com\/index.php?rest_route=%2Fwp%2Fv2%2Fcomments&post=302"}],"version-history":[{"count":12,"href":"https:\/\/www.jkcf.com\/index.php?rest_route=\/wp\/v2\/pages\/302\/revisions"}],"predecessor-version":[{"id":4231,"href":"https:\/\/www.jkcf.com\/index.php?rest_route=\/wp\/v2\/pages\/302\/revisions\/4231"}],"wp:attachment":[{"href":"https:\/\/www.jkcf.com\/index.php?rest_route=%2Fwp%2Fv2%2Fmedia&parent=302"}],"curies":[{"name":"wp","href":"https:\/\/api.w.org\/{rel}","templated":true}]}}