{"id":300,"date":"2014-04-18T22:00:57","date_gmt":"2014-04-18T21:00:57","guid":{"rendered":"http:\/\/www.jkcf.com\/?page_id=300"},"modified":"2022-06-07T17:47:25","modified_gmt":"2022-06-07T15:47:25","slug":"cn-aikido","status":"publish","type":"page","link":"https:\/\/www.jkcf.com\/?page_id=300","title":{"rendered":"Ceintures Noires d&rsquo;A\u00efkido"},"content":{"rendered":"<ul>\n<li>Elise VALSER &#8211; 4\u00e8me Dan<\/li>\n<li>David CHARNEAU &#8211; 3\u00e8me Dan<\/li>\n<li>Marie DUVAUCHELLE &#8211; 2\u00e8me Dan<\/li>\n<li>Jo\u00eblle Bruneau &#8211; 2\u00e8me Dan<\/li>\n<li>Thierry PORTANGUEN &#8211; 2\u00e8me Dan<\/li>\n<li>Claude Jeanneau &#8211; 1er Dan<\/li>\n<\/ul>\n","protected":false},"excerpt":{"rendered":"<p>Elise VALSER &#8211; 4\u00e8me Dan David CHARNEAU &#8211; 3\u00e8me Dan Marie DUVAUCHELLE &#8211; 2\u00e8me Dan Jo\u00eblle Bruneau &#8211; 2\u00e8me Dan Thierry PORTANGUEN &#8211; 2\u00e8me Dan Claude Jeanneau &#8211; 1er Dan<\/p>\n","protected":false},"author":1,"featured_media":0,"parent":0,"menu_order":0,"comment_status":"open","ping_status":"closed","template":"","meta":{"ngg_post_thumbnail":0,"iawp_total_views":140,"footnotes":""},"class_list":["post-300","page","type-page","status-publish","hentry"],"_links":{"self":[{"href":"https:\/\/www.jkcf.com\/index.php?rest_route=\/wp\/v2\/pages\/300","targetHints":{"allow":["GET"]}}],"collection":[{"href":"https:\/\/www.jkcf.com\/index.php?rest_route=\/wp\/v2\/pages"}],"about":[{"href":"https:\/\/www.jkcf.com\/index.php?rest_route=\/wp\/v2\/types\/page"}],"author":[{"embeddable":true,"href":"https:\/\/www.jkcf.com\/index.php?rest_route=\/wp\/v2\/users\/1"}],"replies":[{"embeddable":true,"href":"https:\/\/www.jkcf.com\/index.php?rest_route=%2Fwp%2Fv2%2Fcomments&post=300"}],"version-history":[{"count":9,"href":"https:\/\/www.jkcf.com\/index.php?rest_route=\/wp\/v2\/pages\/300\/revisions"}],"predecessor-version":[{"id":3278,"href":"https:\/\/www.jkcf.com\/index.php?rest_route=\/wp\/v2\/pages\/300\/revisions\/3278"}],"wp:attachment":[{"href":"https:\/\/www.jkcf.com\/index.php?rest_route=%2Fwp%2Fv2%2Fmedia&parent=300"}],"curies":[{"name":"wp","href":"https:\/\/api.w.org\/{rel}","templated":true}]}}