{"id":298,"date":"2014-04-18T22:00:06","date_gmt":"2014-04-18T21:00:06","guid":{"rendered":"http:\/\/www.jkcf.com\/?page_id=298"},"modified":"2025-08-18T19:00:59","modified_gmt":"2025-08-18T17:00:59","slug":"cn-kendo","status":"publish","type":"page","link":"https:\/\/www.jkcf.com\/?page_id=298","title":{"rendered":"Ceintures Noires de Kendo"},"content":{"rendered":"<ul>\n<li>Sylvain BOUSIQUE &#8211; 7\u00e8me Dan<\/li>\n<li>Sylvio MONTESINOS &#8211; 7\u00e8me Dan<\/li>\n<li>Christiane DAVID &#8211; 6\u00e8me Dan Renshi<\/li>\n<li>Vincent GUADARRAMA &#8211; 6\u00e8me Dan<\/li>\n<li>St\u00e9phane PLOQUIN &#8211; 6\u00e8me Dan<\/li>\n<li>Beno\u00eet GAILLARD &#8211; 6\u00e8me Dan<\/li>\n<li>Christian MEUNIER &#8211; 5\u00e8me Dan<\/li>\n<li>Jean Claude BOUSIQUE &#8211; 5\u00e8me Dan<\/li>\n<li>Jean Arthus CLEMENT &#8211; 5\u00e8me Dan<\/li>\n<li>Nelly DURAND &#8211; 5\u00e8me Dan<\/li>\n<li>S\u00e9bastien CANTIN &#8211; 5\u00e8me Dan<\/li>\n<li>Kamel TORDJMAN &#8211; 5\u00e8me Dan<\/li>\n<li>Antoine DUVAUCHELLE &#8211; 4\u00e8me Dan<\/li>\n<li>Damien PINAUDEAU &#8211; 4\u00e8me Dan<\/li>\n<li>Pascal DUVAUCHELLE &#8211; 4\u00e8me Dan<\/li>\n<li>Zo\u00e9 DUVAUCHELLE &#8211; 4\u00e8me Dan<\/li>\n<li>Amandine HILT &#8211; 4\u00e8me Dan<\/li>\n<li>La\u00ebtitia LAFITTE &#8211; 4\u00e8me Dan<\/li>\n<li>Anthony COU\u00c9 &#8211; 4\u00e8me Dan<\/li>\n<li>Alexandre POLONI &#8211; 4\u00e8me Dan<\/li>\n<li>Maxence DELAHAIE &#8211; 4\u00e8me Dan<\/li>\n<li>Ad\u00e9lie ROBIN&nbsp; 4\u00e8me Dan<\/li>\n<li>Julia EVENO &#8211; 4\u00e8me Dan<\/li>\n<li>Fabrice ORFILAT &#8211; 3\u00e8me Dan<\/li>\n<li>Fran\u00e7ois JOUSSEAUME &#8211; 3\u00e8me Dan<\/li>\n<li>Gilles PHELEP &#8211; 3\u00e8me Dan<\/li>\n<li>Guillaume TAVEAU &#8211; 3\u00e8me Dan<\/li>\n<li>Jean CAILLET &#8211; 3\u00e8me Dan<\/li>\n<li>L\u00e9o BOUSIQUE &#8211; 3\u00e8me Dan<\/li>\n<li>Marie DUVAUCHELLE &#8211; 3\u00e8me Dan<\/li>\n<li>Nathalie SABOUREAU &#8211; 3\u00e8me Dan<\/li>\n<li>Pascal LEFORT &#8211; 3\u00e8me Dan<\/li>\n<li>Pascal POLAK &#8211; 3\u00e8me Dan<\/li>\n<li>Raynal COSTANTINI &#8211; 3\u00e8me Dan<\/li>\n<li>S\u00e9bastien GRAS &#8211; 3\u00e8me Dan<\/li>\n<li>Math\u00e9o PEREIRA-LABOUREUX &#8211; 3\u00e8me Dan<\/li>\n<li>Alain CHATEVAIRE &#8211; 2\u00e8me Dan<\/li>\n<li>Aline BOUILLAUD &#8211; 2\u00e8me Dan<\/li>\n<li>C\u00e9cile POQUIN &#8211; 2\u00e8me Dan<\/li>\n<li>Daniel LABOUREUX &#8211; 2\u00e8me Dan<\/li>\n<li>Elodie GARCIA &#8211; 2\u00e8me Dan<\/li>\n<li>Emmanuel BRUNET &#8211; 2\u00e8me Dan<\/li>\n<li>Jean Louis MARTINEZ &#8211; 2\u00e8me Dan<\/li>\n<li>Jean Luc RIGAULT &#8211; 2\u00e8me Dan<\/li>\n<li>L\u00e9o MONTESSINOS &#8211; 2\u00e8me Dan<\/li>\n<li>Martial RUIZ &#8211; 2\u00e8me Dan<\/li>\n<li>Maxime GAULIER &#8211; 2\u00e8me Dan<\/li>\n<li>Patrick GAUTIER &#8211; 2\u00e8me Dan<\/li>\n<li>Perrine CALMES &#8211; 2\u00e8me Dan<\/li>\n<li>Philippe PASSEFORT &#8211; 2\u00e8me Dan<\/li>\n<li>S\u00e9bastien DAVID &#8211; 2\u00e8me Dan<\/li>\n<li>Thierry PORTANGUEN &#8211; 2\u00e8me Dan<\/li>\n<li>Etienne DORNE &#8211; 2\u00e8me Dan<\/li>\n<li>Lilou CHADAILLAT &#8211; 2\u00e8me Dan<\/li>\n<li>G\u00e9d\u00e9on GOURAUD &#8211; 2\u00e8me Dan<\/li>\n<li>Jimmy OUHAYOUN &#8211; 2\u00e8me Dan<\/li>\n<li>Ma\u00eblys BOUSIQUE &#8211; 2\u00e8me Dan<\/li>\n<li>Mathys MIEGE &#8211; 2\u00e8me Dan<\/li>\n<li>Zo\u00e9 CHADAILLAT &#8211; 2\u00e8me Dan<\/li>\n<li>Bruno MERCIER &#8211; 1er Dan<\/li>\n<li>Franck CANTIN &#8211; 1er Dan<\/li>\n<li>Jacques SOUCHARD &#8211; 1er Dan<\/li>\n<li>Kevin ROCARD &#8211; 1er Dan<\/li>\n<li>Patrice GORIAUX &#8211; 1er Dan<\/li>\n<li>R\u00e9my THIMONIER &#8211; 1er Dan<\/li>\n<li>Elisabeth HERION &#8211; 1er Dan<\/li>\n<li>Alexandre MARTRON &#8211; 1er Dan<\/li>\n<li>Louis MEUNIER &#8211; 1er dan&nbsp;<\/li>\n<\/ul>\n<p>&nbsp;<\/p>\n<p>&nbsp;<\/p>\n<p>&nbsp;<\/p>\n<p>&nbsp;<\/p>\n","protected":false},"excerpt":{"rendered":"<p>Sylvain BOUSIQUE &#8211; 7\u00e8me Dan Sylvio MONTESINOS &#8211; 7\u00e8me Dan Christiane DAVID &#8211; 6\u00e8me Dan Renshi Vincent GUADARRAMA &#8211; 6\u00e8me Dan St\u00e9phane PLOQUIN &#8211; 6\u00e8me Dan Beno\u00eet GAILLARD &#8211; 6\u00e8me Dan Christian MEUNIER &#8211; 5\u00e8me Dan Jean Claude BOUSIQUE &#8211; <a class=\"more-link\" href=\"https:\/\/www.jkcf.com\/?page_id=298\">Continuer la lecture <span class=\"screen-reader-text\">  Ceintures Noires de Kendo<\/span><span class=\"meta-nav\">&rarr;<\/span><\/a><\/p>\n","protected":false},"author":1,"featured_media":0,"parent":0,"menu_order":0,"comment_status":"open","ping_status":"closed","template":"","meta":{"ngg_post_thumbnail":0,"iawp_total_views":453,"footnotes":""},"class_list":["post-298","page","type-page","status-publish","hentry"],"_links":{"self":[{"href":"https:\/\/www.jkcf.com\/index.php?rest_route=\/wp\/v2\/pages\/298","targetHints":{"allow":["GET"]}}],"collection":[{"href":"https:\/\/www.jkcf.com\/index.php?rest_route=\/wp\/v2\/pages"}],"about":[{"href":"https:\/\/www.jkcf.com\/index.php?rest_route=\/wp\/v2\/types\/page"}],"author":[{"embeddable":true,"href":"https:\/\/www.jkcf.com\/index.php?rest_route=\/wp\/v2\/users\/1"}],"replies":[{"embeddable":true,"href":"https:\/\/www.jkcf.com\/index.php?rest_route=%2Fwp%2Fv2%2Fcomments&post=298"}],"version-history":[{"count":26,"href":"https:\/\/www.jkcf.com\/index.php?rest_route=\/wp\/v2\/pages\/298\/revisions"}],"predecessor-version":[{"id":4250,"href":"https:\/\/www.jkcf.com\/index.php?rest_route=\/wp\/v2\/pages\/298\/revisions\/4250"}],"wp:attachment":[{"href":"https:\/\/www.jkcf.com\/index.php?rest_route=%2Fwp%2Fv2%2Fmedia&parent=298"}],"curies":[{"name":"wp","href":"https:\/\/api.w.org\/{rel}","templated":true}]}}