{"id":257,"date":"2014-04-18T15:51:02","date_gmt":"2014-04-18T14:51:02","guid":{"rendered":"http:\/\/www.jkcf.com\/?page_id=257"},"modified":"2024-04-17T11:22:30","modified_gmt":"2024-04-17T09:22:30","slug":"cn-judo","status":"publish","type":"page","link":"https:\/\/www.jkcf.com\/?page_id=257","title":{"rendered":"Ceintures Noires de Judo"},"content":{"rendered":"<ul>\n<li>Christiane DAVID &#8211; 5\u00e8me Dan<\/li>\n<li>Jean-Claude BOUSIQUE &#8211; 5\u00e8me Dan<\/li>\n<li>Marc PEYROIS &#8211; 4\u00e8me Dan<\/li>\n<li>Alain BONNEAU &#8211; 3\u00e8me Dan<\/li>\n<li>Christian BODIN &#8211; 3\u00e8me Dan<\/li>\n<li>Claude MOINARD &#8211; 3\u00e8me Dan<\/li>\n<li>Isabelle GASSEN &#8211; 3\u00e8me Dan<\/li>\n<li>Jo\u00ebl ROY &#8211; 3\u00e8me Dan<\/li>\n<li>Philippe GRIS &#8211; 3\u00e8me Dan<\/li>\n<li>Philippe MENARD &#8211; 3\u00e8me Dan<\/li>\n<li>Anne Marie ROY &#8211; 2\u00e8me Dan<\/li>\n<li>Beno\u00eet ROGER &#8211; 2\u00e8me Dan<\/li>\n<li>Charly LAURENTY &#8211; 2\u00e8me Dan<\/li>\n<li>Corinne MERCIER &#8211; 2\u00e8me Dan<\/li>\n<li>Freddy BATISTE &#8211; 2\u00e8me Dan<\/li>\n<li>Jade HERBAUDIERE &#8211; 2\u00e8me Dan<\/li>\n<li>Jean Paul THIBAUDEAU &#8211; 2\u00e8me Dan<\/li>\n<li>Jo\u00ebl PORCHET &#8211; 2\u00e8me Dan<\/li>\n<li>Jo\u00ebl TRULLA &#8211; 2\u00e8me Dan<\/li>\n<li>Julia EVENO &#8211; 2\u00e8me Dan<\/li>\n<li>Louis Marie BABIN &#8211; 2\u00e8me Dan<\/li>\n<li>No\u00ebl LAROCHE &#8211; 2\u00e8me Dan<\/li>\n<li>Sabine USEREAU &#8211; 2\u00e8me Dan<\/li>\n<li>S\u00e9bastien ROY &#8211; 2\u00e8me Dan<\/li>\n<li>Sylvie BOBINEAU &#8211; 2\u00e8me Dan<\/li>\n<li>Vincent RATOUIT &#8211; 2\u00e8me Dan<\/li>\n<li>Anthony COUE &#8211; 2\u00e8me Dan<\/li>\n<li>Alain BERLAND &#8211; 1er Dan<\/li>\n<li>Alain CADET &#8211; 1er Dan<\/li>\n<li>Alain DUBREUIL &#8211; 1er Dan<\/li>\n<li>Antoine PEGAT &#8211; 1er Dan<\/li>\n<li>Arnaud BONNET &#8211; 1er Dan<\/li>\n<li>Arnaud BOUILLAUD &#8211; 1er Dan<\/li>\n<li>Benoist PERRIER &#8211; 1er Dan<\/li>\n<li>Benoit PEGAT &#8211; 1er Dan<\/li>\n<li>Bernard COIRIER &#8211; 1er Dan<\/li>\n<li>Bernard PERRAUDAU &#8211; 1er Dan<\/li>\n<li>Charlotte RAGUIN &#8211; 1er Dan<\/li>\n<li>Christian BRUNELEAU &#8211; 1er Dan<\/li>\n<li>Christian DELAREUNION &#8211; 1er Dan<\/li>\n<li>Christian MEUNIER &#8211; 1er Dan<\/li>\n<li>Christophe PAILLAT &#8211; 1er Dan<\/li>\n<li>Claude JEANNEAU &#8211; 1er Dan<\/li>\n<li>Delpnine DEFAUT &#8211; 1er Dan<\/li>\n<li>Eliot GABORIT &#8211; 1er Dan<\/li>\n<li>Emilie CHAUVET &#8211; 1er Dan<\/li>\n<li>Emmanuel BRUNET &#8211; 1er Dan<\/li>\n<li>Fabrice GIBOULEAU &#8211; 1er Dan<\/li>\n<li>Hendrick ALBERT &#8211; 1er Dan<\/li>\n<li>Jean CAILLET &#8211; 1er Dan<\/li>\n<li>Jean GUERIF &#8211; 1er Dan<\/li>\n<li>Jean Louis JOURDAIN &#8211; 1er Dan<\/li>\n<li>Jean Pierre GUIDOT &#8211; 1er Dan<\/li>\n<li>Jeremy COUTANCIN &#8211; 1er Dan<\/li>\n<li>Jimmy BRIATTRE &#8211; 1er dan<\/li>\n<li>Jo\u00ebl CAQUINEAU &#8211; 1er Dan<\/li>\n<li>Julien FRANCHI &#8211; 1er Dan<\/li>\n<li>Louise BEDERE &#8211; 1er Dan<\/li>\n<li>Marie Pierre DELAMARE &#8211; 1er Dan<\/li>\n<li>Mathieu BODET &#8211; 1er Dan<\/li>\n<li>Michel HINNEUX &#8211; 1er Dan<\/li>\n<li>Michel ROCHARD &#8211; 1er Dan<\/li>\n<li>Nathalie PEGAT &#8211; 1er Dan<\/li>\n<li>Nicolas PENANHOAT &#8211; 1er Dan<\/li>\n<li>Patrick BOULANGER &#8211; 1er Dan<\/li>\n<li>Patrick PETIT &#8211; 1er Dan<\/li>\n<li>Pierre BESSE &#8211; 1er Dan<\/li>\n<li>Pierre CHAIGNEAU &#8211; 1er Dan<\/li>\n<li>Pierre KAUB &#8211; 1er Dan<\/li>\n<li>Pierric GRANIER &#8211; 1er Dan<\/li>\n<li>Ren\u00e9 PAQUEREAU &#8211; 1er Dan<\/li>\n<li>Richard BONNET &#8211; 1er Dan<\/li>\n<li>Samuel LUBERNE &#8211; 1er Dan<\/li>\n<li>St\u00e9phane BALLINI &#8211; 1er Dan<\/li>\n<li>Sylvio MONTESINOS &#8211; 1er Dan<\/li>\n<li>Thierry BELLIARD &#8211; 1er Dan<\/li>\n<li>Val\u00e9rie LAGARDE &#8211; 1er Dan<\/li>\n<li>Val\u00e9rie LAGARDE &#8211; 1er Dan<\/li>\n<li>Vincent BREMAUD &#8211; 1er Dan<\/li>\n<\/ul>\n","protected":false},"excerpt":{"rendered":"<p>Christiane DAVID &#8211; 5\u00e8me Dan Jean-Claude BOUSIQUE &#8211; 5\u00e8me Dan Marc PEYROIS &#8211; 4\u00e8me Dan Alain BONNEAU &#8211; 3\u00e8me Dan Christian BODIN &#8211; 3\u00e8me Dan Claude MOINARD &#8211; 3\u00e8me Dan Isabelle GASSEN &#8211; 3\u00e8me Dan Jo\u00ebl ROY &#8211; 3\u00e8me Dan <a class=\"more-link\" href=\"https:\/\/www.jkcf.com\/?page_id=257\">Continuer la lecture <span class=\"screen-reader-text\">  Ceintures Noires de Judo<\/span><span class=\"meta-nav\">&rarr;<\/span><\/a><\/p>\n","protected":false},"author":1,"featured_media":0,"parent":254,"menu_order":0,"comment_status":"open","ping_status":"closed","template":"","meta":{"ngg_post_thumbnail":0,"iawp_total_views":247,"footnotes":""},"class_list":["post-257","page","type-page","status-publish","hentry"],"_links":{"self":[{"href":"https:\/\/www.jkcf.com\/index.php?rest_route=\/wp\/v2\/pages\/257","targetHints":{"allow":["GET"]}}],"collection":[{"href":"https:\/\/www.jkcf.com\/index.php?rest_route=\/wp\/v2\/pages"}],"about":[{"href":"https:\/\/www.jkcf.com\/index.php?rest_route=\/wp\/v2\/types\/page"}],"author":[{"embeddable":true,"href":"https:\/\/www.jkcf.com\/index.php?rest_route=\/wp\/v2\/users\/1"}],"replies":[{"embeddable":true,"href":"https:\/\/www.jkcf.com\/index.php?rest_route=%2Fwp%2Fv2%2Fcomments&post=257"}],"version-history":[{"count":14,"href":"https:\/\/www.jkcf.com\/index.php?rest_route=\/wp\/v2\/pages\/257\/revisions"}],"predecessor-version":[{"id":4082,"href":"https:\/\/www.jkcf.com\/index.php?rest_route=\/wp\/v2\/pages\/257\/revisions\/4082"}],"up":[{"embeddable":true,"href":"https:\/\/www.jkcf.com\/index.php?rest_route=\/wp\/v2\/pages\/254"}],"wp:attachment":[{"href":"https:\/\/www.jkcf.com\/index.php?rest_route=%2Fwp%2Fv2%2Fmedia&parent=257"}],"curies":[{"name":"wp","href":"https:\/\/api.w.org\/{rel}","templated":true}]}}