{"id":213,"date":"2014-04-18T09:24:07","date_gmt":"2014-04-18T09:24:07","guid":{"rendered":"http:\/\/192.168.0.12\/wordpress\/?page_id=213"},"modified":"2021-09-17T14:47:21","modified_gmt":"2021-09-17T12:47:21","slug":"liens","status":"publish","type":"page","link":"https:\/\/www.jkcf.com\/?page_id=213","title":{"rendered":"Liens"},"content":{"rendered":"<table class=\" aligncenter\">\n<tbody>\n<tr>\n<td style=\"text-align: center; vertical-align: middle;\"><img loading=\"lazy\" decoding=\"async\" class=\"alignnone wp-image-275 \" src=\"https:\/\/www.jkcf.com\/wp-content\/uploads\/2021\/09\/cnkdrpdlt.png\" alt=\"\" width=\"90\" height=\"87\"><\/td>\n<td style=\"text-align: center; vertical-align: middle;\" scope=\"row\"><a href=\"http:\/\/crkdrpaysdelaloire.fr\/\" target=\"_blank\" rel=\"noopener\">CRKDR (Commission R\u00e9gionale de Kendo et Disciplines Rattach\u00e9es) Pays de la Loire<\/a><\/td>\n<\/tr>\n<tr>\n<td style=\"text-align: center; vertical-align: middle;\"><a href=\"http:\/\/www.ffjudo.com\" target=\"_blank\" rel=\"noopener\"><img loading=\"lazy\" decoding=\"async\" class=\"alignnone wp-image-275 \" src=\"https:\/\/www.jkcf.com\/wp-content\/uploads\/2014\/04\/logoJudo.jpg\" alt=\"logoJudo\" width=\"90\" height=\"90\" srcset=\"https:\/\/www.jkcf.com\/wp-content\/uploads\/2014\/04\/logoJudo.jpg 160w, https:\/\/www.jkcf.com\/wp-content\/uploads\/2014\/04\/logoJudo-150x150.jpg 150w\" sizes=\"auto, (max-width: 90px) 100vw, 90px\" \/><\/a><\/td>\n<td style=\"text-align: center; vertical-align: middle;\" scope=\"row\"><a href=\"http:\/\/www.ffjudo.com\" target=\"_blank\" rel=\"noopener\">F\u00e9d\u00e9ration Fran\u00e7aise de Judo, Jujitsu, Kendo et disciplines associ\u00e9es<\/a><\/td>\n<\/tr>\n<tr>\n<td style=\"text-align: center; vertical-align: middle;\"><a href=\"http:\/\/www.cnkendo-da.com\" target=\"_blank\" rel=\"noopener\"><img loading=\"lazy\" decoding=\"async\" class=\"alignnone  wp-image-275\" src=\"https:\/\/www.jkcf.com\/wp-content\/uploads\/2014\/04\/logoCNK.jpg\" alt=\"logoCNK\" width=\"90\" height=\"90\"><\/a><\/td>\n<td style=\"text-align: center; vertical-align: middle;\"><a href=\"http:\/\/www.cnkendo-da.com\" target=\"_blank\" rel=\"noopener\">Comit\u00e9 National de Kendo et disciplines assimil\u00e9es<\/a><\/td>\n<\/tr>\n<tr>\n<td style=\"text-align: center; vertical-align: middle;\"><a href=\"http:\/\/www.aikido.com.fr\/\"><img loading=\"lazy\" decoding=\"async\" class=\"alignnone  wp-image-275\" src=\"https:\/\/www.jkcf.com\/wp-content\/uploads\/2014\/04\/logoffaaa.png\" alt=\"logoffaaa\" width=\"90\" height=\"90\"><\/a><\/td>\n<td style=\"text-align: center; vertical-align: middle;\"><a href=\"http:\/\/www.aikido.com.fr\/\" target=\"_blank\" rel=\"noopener\">F\u00e9d\u00e9ration Fran\u00e7aise d&rsquo;A\u00efkido, d&rsquo;A\u00efkibudo et Affinitaires<\/a><\/td>\n<\/tr>\n<tr>\n<td style=\"text-align: center; vertical-align: middle;\"><a href=\"http:\/\/www.kenyu.fr\/index.html\" target=\"_blank\" rel=\"noopener\"><img loading=\"lazy\" decoding=\"async\" class=\"alignnone  wp-image-275\" src=\"https:\/\/www.jkcf.com\/wp-content\/uploads\/2014\/04\/logoKenyu.jpg\" alt=\"logoKenyu\" width=\"90\" height=\"90\"><\/a><\/td>\n<td style=\"text-align: center; vertical-align: middle;\"><a href=\"http:\/\/www.kenyu.fr\/index.html\" target=\"_blank\" rel=\"noopener\">KENYU &#8211; Kendo \u00e0 Paris XIII<\/a><\/td>\n<\/tr>\n<tr>\n<td style=\"text-align: center; vertical-align: middle;\"><a href=\"http:\/\/www.niten-dojo.fr\/index.php\/fr\/\" target=\"_blank\" rel=\"noopener\"><img loading=\"lazy\" decoding=\"async\" class=\"alignnone  wp-image-275\" src=\"https:\/\/www.jkcf.com\/wp-content\/uploads\/2014\/04\/NITEN_logo_web-293x300.png\" alt=\"NITEN_logo_web\" width=\"90\" height=\"90\"><\/a><\/td>\n<td style=\"text-align: center; vertical-align: middle;\"><a href=\"http:\/\/www.niten-dojo.fr\/index.php\/fr\/\" target=\"_blank\" rel=\"noopener\">NITEN Dojo &#8211; Kendo en Seine et Marne<\/a><\/td>\n<\/tr>\n<tr>\n<td style=\"text-align: center; vertical-align: middle;\"><a href=\"http:\/\/www.kodokankendo.org\" target=\"_blank\" rel=\"noopener\"><img loading=\"lazy\" decoding=\"async\" class=\"alignnone  wp-image-275\" src=\"https:\/\/www.jkcf.com\/wp-content\/uploads\/2014\/04\/logoKodokan.jpg\" alt=\"logoKodokan\" width=\"90\" height=\"90\"><\/a><\/td>\n<td style=\"text-align: center; vertical-align: middle;\"><a href=\"http:\/\/www.kodokankendo.org\" target=\"_blank\" rel=\"noopener\">Angleterre &#8211; KODOKAN KENDO CLUB<\/a><\/td>\n<\/tr>\n<tr>\n<td style=\"text-align: center; vertical-align: middle;\"><a href=\"http:\/\/agehacho.be\/\"><img loading=\"lazy\" decoding=\"async\" class=\"alignnone  wp-image-635\" src=\"https:\/\/www.jkcf.com\/wp-content\/uploads\/2014\/04\/ageha-150x150.gif\" alt=\"ageha\" width=\"90\" height=\"90\"><\/a><\/td>\n<td style=\"text-align: center; vertical-align: middle;\"><a href=\"http:\/\/agehacho.be\/\" target=\"_blank\" rel=\"noopener\">The home of TAMIYA RYU&nbsp;IAI in Europe<\/a><\/td>\n<\/tr>\n<tr>\n<td style=\"text-align: center; vertical-align: middle;\"><a href=\"http:\/\/www.kendoguadeloupe.com\/\"><img loading=\"lazy\" decoding=\"async\" class=\"alignnone  wp-image-638\" src=\"https:\/\/www.jkcf.com\/wp-content\/uploads\/2014\/04\/etoile1.png\" alt=\"etoile\" width=\"63\" height=\"63\"><\/a><\/td>\n<td style=\"text-align: center; vertical-align: middle;\"><a href=\"http:\/\/www.kendoguadeloupe.com\/\" target=\"_blank\" rel=\"noopener\">Kendo Guadeloupe<\/a><\/td>\n<\/tr>\n<\/tbody>\n<\/table>\n<p>&nbsp;<\/p>\n","protected":false},"excerpt":{"rendered":"<p>CRKDR (Commission R\u00e9gionale de Kendo et Disciplines Rattach\u00e9es) Pays de la Loire F\u00e9d\u00e9ration Fran\u00e7aise de Judo, Jujitsu, Kendo et disciplines associ\u00e9es Comit\u00e9 National de Kendo et disciplines assimil\u00e9es F\u00e9d\u00e9ration Fran\u00e7aise d&rsquo;A\u00efkido, d&rsquo;A\u00efkibudo et Affinitaires KENYU &#8211; Kendo \u00e0 Paris XIII <a class=\"more-link\" href=\"https:\/\/www.jkcf.com\/?page_id=213\">Continuer la lecture <span class=\"screen-reader-text\">  Liens<\/span><span class=\"meta-nav\">&rarr;<\/span><\/a><\/p>\n","protected":false},"author":1,"featured_media":0,"parent":203,"menu_order":0,"comment_status":"open","ping_status":"closed","template":"","meta":{"ngg_post_thumbnail":0,"iawp_total_views":73,"footnotes":""},"class_list":["post-213","page","type-page","status-publish","hentry"],"_links":{"self":[{"href":"https:\/\/www.jkcf.com\/index.php?rest_route=\/wp\/v2\/pages\/213","targetHints":{"allow":["GET"]}}],"collection":[{"href":"https:\/\/www.jkcf.com\/index.php?rest_route=\/wp\/v2\/pages"}],"about":[{"href":"https:\/\/www.jkcf.com\/index.php?rest_route=\/wp\/v2\/types\/page"}],"author":[{"embeddable":true,"href":"https:\/\/www.jkcf.com\/index.php?rest_route=\/wp\/v2\/users\/1"}],"replies":[{"embeddable":true,"href":"https:\/\/www.jkcf.com\/index.php?rest_route=%2Fwp%2Fv2%2Fcomments&post=213"}],"version-history":[{"count":25,"href":"https:\/\/www.jkcf.com\/index.php?rest_route=\/wp\/v2\/pages\/213\/revisions"}],"predecessor-version":[{"id":3026,"href":"https:\/\/www.jkcf.com\/index.php?rest_route=\/wp\/v2\/pages\/213\/revisions\/3026"}],"up":[{"embeddable":true,"href":"https:\/\/www.jkcf.com\/index.php?rest_route=\/wp\/v2\/pages\/203"}],"wp:attachment":[{"href":"https:\/\/www.jkcf.com\/index.php?rest_route=%2Fwp%2Fv2%2Fmedia&parent=213"}],"curies":[{"name":"wp","href":"https:\/\/api.w.org\/{rel}","templated":true}]}}