{"id":205,"date":"2014-04-18T09:12:22","date_gmt":"2014-04-18T09:12:22","guid":{"rendered":"http:\/\/192.168.0.12\/wordpress\/?page_id=205"},"modified":"2025-08-18T19:12:32","modified_gmt":"2025-08-18T17:12:32","slug":"cotisations","status":"publish","type":"page","link":"https:\/\/www.jkcf.com\/?page_id=205","title":{"rendered":"Cotisations 2025-2026"},"content":{"rendered":"<p align=\"left\"><strong><span style=\"text-decoration: underline;\">Cotisations annuelles<\/span><\/strong><\/p>\n<p style=\"text-align: justify;\" align=\"justify\">Quel que soit le mode de r\u00e8glement, <strong>au comptant ou fractionn\u00e9<\/strong>, les ch\u00e8ques repr\u00e9sentant la <strong>totalit\u00e9 de la cotisation annuelle<\/strong> sont exigibles lors de l&rsquo;inscription ainsi que <strong>le certificat m\u00e9dical : <\/strong><\/p>\n<ul>\n<li style=\"text-align: justify;\"><strong>MAJEURS<\/strong> : un certificat m\u00e9dical de non contre-indication pour la premi\u00e8re prise de licence et pour les deux ann\u00e9es suivantes une attestation de r\u00e9ponse au questionnaire de sant\u00e9.<\/li>\n<li style=\"text-align: justify;\"><strong style=\"font-size: 15px;\">MINEURS<\/strong><span style=\"font-size: 15px; font-weight: 300;\">&nbsp;: une attestation de r\u00e9ponses n\u00e9gatives \u00e0 toutes les questions du formulaire de sant\u00e9.<\/span><\/li>\n<\/ul>\n<p align=\"left\"><span style=\"text-decoration: underline;\"><strong>Remise \u00e0 l&rsquo;encaissement des ch\u00e8ques<\/strong><\/span><\/p>\n<ul>\n<li><strong>Paiement en 1 ch\u00e8que : lors de l&rsquo;inscription<\/strong><\/li>\n<li><strong>Paiement en 2 ch\u00e8que : le 1er lors de l&rsquo;inscription, le 2\u00e8me en janvier 2026<\/strong><\/li>\n<li><strong>Paiement en 3 ch\u00e8que : le 1er lors de l&rsquo;inscription, le 2\u00e8me en janvier 2026 et le 3\u00e8me en mars 2026<\/strong><\/li>\n<\/ul>\n<p align=\"justify\"><strong>Coupons sport ou ch\u00e8ques vacances accept\u00e9s.<\/strong><\/p>\n<p align=\"justify\">Pour la troisi\u00e8me inscription familiale, dans le m\u00eame foyer, les cours sont gratuits pour le plus jeune inscrit de la famille.<\/p>\n<p align=\"justify\"><span style=\"text-decoration: underline;\">Pour le pratique du kendo :<\/span><\/p>\n<ul>\n<li>Les jeunes doivent avoir leur propre shina\u00ef pour l&rsquo;entrainement<\/li>\n<li>Les adultes doivent avoir leur propre armure compl\u00e8te \u00e0 partir de la deuxi\u00e8me ann\u00e9e de licence.<\/li>\n<\/ul>\n<p align=\"left\"><strong><span style=\"text-decoration: underline;\">Tarif cotisations<\/span><\/strong><\/p>\n<p align=\"justify\"><strong>JEUNES : n\u00e9s apr\u00e8s le 01\/01\/2010<\/strong><\/p>\n<table style=\"width: 100%; height: 121px;\">\n<tbody>\n<tr style=\"height: 53px;\">\n<td style=\"height: 53px; width: 40%;\" align=\"center\" width=\"40%\"><strong>Disciplines<\/strong><\/td>\n<td style=\"height: 53px; width: 20%;\" align=\"center\" width=\"20%\"><strong>Licence + Adh\u00e9sion<\/strong><\/td>\n<td style=\"height: 53px; width: 20%;\" align=\"center\" width=\"20%\"><strong>Cours<\/strong><\/td>\n<td style=\"height: 53px; width: 20%;\" align=\"center\" width=\"20%\"><strong>Total<\/strong><\/td>\n<\/tr>\n<tr style=\"height: 34px;\">\n<td style=\"height: 34px; width: 40%;\" align=\"center\"><strong>Babydo<\/strong><\/td>\n<td style=\"text-align: center; height: 34px; width: 20%;\" align=\"center\">79<\/td>\n<td style=\"text-align: center; height: 34px; width: 20%;\" align=\"center\">68<\/td>\n<td style=\"text-align: center; height: 34px; width: 20%;\" align=\"center\"><strong>147<\/strong><\/td>\n<\/tr>\n<tr style=\"height: 34px;\">\n<td style=\"height: 34px; width: 40%;\" align=\"center\"><strong>Judo \/ kendo \/ A\u00efkido<\/strong><\/td>\n<td style=\"text-align: center; height: 34px; width: 20%;\" align=\"center\">79<\/td>\n<td style=\"text-align: center; height: 34px; width: 20%;\" align=\"center\">101<\/td>\n<td style=\"text-align: center; height: 34px; width: 20%;\" align=\"center\"><strong>180<\/strong><\/td>\n<\/tr>\n<\/tbody>\n<\/table>\n<p align=\"justify\"><strong>ADULTES : n\u00e9s avant le 31\/12\/2009<\/strong><\/p>\n<table style=\"width: 100%; height: 116px;\" border=\"1\" width=\"100%\" align=\"center\">\n<tbody>\n<tr style=\"height: 39px;\">\n<td style=\"height: 39px;\" align=\"center\" width=\"40%\"><strong>Disciplines<\/strong><\/td>\n<td style=\"height: 39px;\" align=\"center\" width=\"20%\"><strong>Licence + Adh\u00e9sion<\/strong><\/td>\n<td style=\"height: 39px;\" align=\"center\" width=\"20%\"><strong>Cours<\/strong><\/td>\n<td style=\"height: 39px;\" align=\"center\" width=\"20%\"><strong>Total<\/strong><\/td>\n<\/tr>\n<tr style=\"height: 39px;\">\n<td style=\"height: 39px;\" align=\"center\"><strong>Judo \/ Ju-Jitsu \/ kendo \/ Ia\u00efdo \/ A\u00efkido<\/strong><\/td>\n<td style=\"text-align: center; height: 39px;\" align=\"center\">79<\/td>\n<td style=\"text-align: center; height: 39px;\" align=\"center\">131<\/td>\n<td style=\"text-align: center; height: 39px;\" align=\"center\"><strong>210<\/strong><\/td>\n<\/tr>\n<tr style=\"height: 19px;\">\n<td style=\"height: 19px;\" align=\"center\"><strong>Ta\u00efso<\/strong><\/td>\n<td style=\"text-align: center; height: 19px;\" align=\"center\">79<\/td>\n<td style=\"text-align: center; height: 19px;\" align=\"center\">101<\/td>\n<td style=\"text-align: center; height: 19px;\" align=\"center\"><strong>180<\/strong><\/td>\n<\/tr>\n<tr style=\"height: 19px;\">\n<td style=\"height: 19px;\" align=\"center\"><strong>\u00c9tudiant Ext\u00e9rieur<\/strong><\/td>\n<td style=\"text-align: center; height: 19px;\" align=\"center\">79<\/td>\n<td style=\"text-align: center; height: 19px;\" align=\"center\">101<\/td>\n<td style=\"text-align: center; height: 19px;\" align=\"center\"><strong>180<\/strong><\/td>\n<\/tr>\n<\/tbody>\n<\/table>\n<h4 style=\"text-align: center;\">Plus de d\u00e9tail <a href=\"https:\/\/www.jkcf.com\/wp-content\/uploads\/2025\/08\/cotisations-2025-2026.pdf\" target=\"_blank\" rel=\"noopener\">sur ce document<\/a><\/h4>\n\n\n\n\n\n","protected":false},"excerpt":{"rendered":"<p>Cotisations annuelles Quel que soit le mode de r\u00e8glement, au comptant ou fractionn\u00e9, les ch\u00e8ques repr\u00e9sentant la totalit\u00e9 de la cotisation annuelle sont exigibles lors de l&rsquo;inscription ainsi que le certificat m\u00e9dical : MAJEURS : un certificat m\u00e9dical de non <a class=\"more-link\" href=\"https:\/\/www.jkcf.com\/?page_id=205\">Continuer la lecture <span class=\"screen-reader-text\">  Cotisations 2025-2026<\/span><span class=\"meta-nav\">&rarr;<\/span><\/a><\/p>\n","protected":false},"author":1,"featured_media":0,"parent":203,"menu_order":0,"comment_status":"open","ping_status":"closed","template":"","meta":{"ngg_post_thumbnail":0,"iawp_total_views":473,"footnotes":""},"class_list":["post-205","page","type-page","status-publish","hentry"],"_links":{"self":[{"href":"https:\/\/www.jkcf.com\/index.php?rest_route=\/wp\/v2\/pages\/205","targetHints":{"allow":["GET"]}}],"collection":[{"href":"https:\/\/www.jkcf.com\/index.php?rest_route=\/wp\/v2\/pages"}],"about":[{"href":"https:\/\/www.jkcf.com\/index.php?rest_route=\/wp\/v2\/types\/page"}],"author":[{"embeddable":true,"href":"https:\/\/www.jkcf.com\/index.php?rest_route=\/wp\/v2\/users\/1"}],"replies":[{"embeddable":true,"href":"https:\/\/www.jkcf.com\/index.php?rest_route=%2Fwp%2Fv2%2Fcomments&post=205"}],"version-history":[{"count":38,"href":"https:\/\/www.jkcf.com\/index.php?rest_route=\/wp\/v2\/pages\/205\/revisions"}],"predecessor-version":[{"id":4259,"href":"https:\/\/www.jkcf.com\/index.php?rest_route=\/wp\/v2\/pages\/205\/revisions\/4259"}],"up":[{"embeddable":true,"href":"https:\/\/www.jkcf.com\/index.php?rest_route=\/wp\/v2\/pages\/203"}],"wp:attachment":[{"href":"https:\/\/www.jkcf.com\/index.php?rest_route=%2Fwp%2Fv2%2Fmedia&parent=205"}],"curies":[{"name":"wp","href":"https:\/\/api.w.org\/{rel}","templated":true}]}}