{"id":184,"date":"2014-04-17T09:03:13","date_gmt":"2014-04-17T09:03:13","guid":{"rendered":"http:\/\/192.168.0.12\/wordpress\/?page_id=184"},"modified":"2026-02-09T22:54:36","modified_gmt":"2026-02-09T21:54:36","slug":"blablablarai","status":"publish","type":"page","link":"https:\/\/www.jkcf.com\/?page_id=184","title":{"rendered":"Blablablara\u00ef"},"content":{"rendered":"<p>Voici les liens vers les Blablablara\u00efs :<\/p>\n<p><strong>2025-2026<\/strong><\/p>\n<ul>\n<li>Blablablara\u00ef du 1er trimestre 2025-2026 : <a href=\"https:\/\/www.jkcf.com\/wp-content\/uploads\/2025\/10\/BLABLA-1er-trimestre-2025-2026.pdf\" target=\"_blank\" rel=\"noopener noreferrer\">Blablablara\u00ef du 1er trimestre 2025\/2026<\/a><\/li>\n<li>Blablablara\u00ef du 2\u00e8me trmestre 2025-2026 : <a href=\"https:\/\/www.jkcf.com\/wp-content\/uploads\/2026\/02\/BLABLA_2_trimestre_25_26.pdf\" target=\"_blank\" rel=\"noopener\">Blablablara\u00ef du 2\u00e8me trimestre 2025\/2026<\/a><\/li>\n<\/ul>\n<p><span style=\"text-decoration: underline;\"><strong>2024-2025<\/strong><\/span><\/p>\n<ul>\n<li>Blablablara\u00ef du 1er trimestre 2024-2025 : <a href=\"https:\/\/www.jkcf.com\/wp-content\/uploads\/2024\/10\/BLABLA-1er-trimestre-2024-2025.pdf\" target=\"_blank\" rel=\"noopener noreferrer\">Blablablara\u00ef du 1er trimestre 2024\/2025<\/a><\/li>\n<li>Blablablara\u00ef du 2\u00e8me trimestre 2024-2025 : <a href=\"https:\/\/www.jkcf.com\/wp-content\/uploads\/2025\/02\/BLABLA_2_-trimestre_24_25.pdf\" target=\"_blank\" rel=\"noopener noreferrer\">Blablablara\u00ef du 2eme trimestre 2024\/2025<\/a><\/li>\n<li>Blablablara\u00ef du 3\u00e8me trimestre 2024-2025 : <a href=\"https:\/\/www.jkcf.com\/wp-content\/uploads\/2025\/02\/BLABLA_2_-trimestre_24_25.pdf\" target=\"_blank\" rel=\"noopener noreferrer\">Blablablara\u00ef du 3eme trimestre 2024\/2025<\/a><\/li>\n<\/ul>\n<p><span style=\"text-decoration: underline;\"><strong>2023-2024<\/strong><\/span><\/p>\n<ul>\n<li>Blablablara\u00ef du 1er trimestre 2023-2024 : <a href=\"https:\/\/www.jkcf.com\/wp-content\/uploads\/2024\/02\/BLABLA-1er-trimestre-2023-2024.pdf\" target=\"_blank\" rel=\"noopener noreferrer\">Blablablara\u00ef du 1er trimestre 2023\/2024<\/a><\/li>\n<li>Blablablara\u00ef du 2\u00e9me trimestre 2023-2024 : <a href=\"https:\/\/www.jkcf.com\/wp-content\/uploads\/2024\/02\/BLABLA-2eme-trimestre-23-2024.pdf\" target=\"_blank\" rel=\"noopener noreferrer\">Blablablara\u00ef du 2eme trimestre 2023\/2024<\/a><\/li>\n<li>Blabablara\u00ef du 3\u00e8me trimestre 2023-2024 : <a href=\"https:\/\/www.jkcf.com\/wp-content\/uploads\/2024\/04\/Blablablarai_2024_3.pdf\" target=\"_blank\" rel=\"noopener\">Blablablara\u00ef du 3eme trimestre 2023\/2024<\/a><\/li>\n<\/ul>\n<p><span style=\"text-decoration: underline;\"><strong>2022-2023<\/strong><\/span><\/p>\n<ul>\n<li>Blablablara\u00ef du 1er trimestre 2022-2023 : <a href=\"https:\/\/www.jkcf.com\/wp-content\/uploads\/2022\/10\/BLABLA-1er-trimestre-2022-2023.pdf\" target=\"_blank\" rel=\"noopener noreferrer\">Blablablara\u00ef du 1er trimestre 2022\/2023<\/a><\/li>\n<li>Blablablara\u00ef du 2\u00e8me trimestre 2022-2023 : <a href=\"https:\/\/www.jkcf.com\/?attachment_id=3527\" target=\"_blank\" rel=\"attachment noopener wp-att-3527\">Blablablara\u00ef du 2\u00e8me trimestre 2022\/2023<\/a><\/li>\n<li>Blablablara\u00ef du 3\u00e8me trimestre 2022-2023 : <a href=\"https:\/\/www.jkcf.com\/wp-content\/uploads\/2023\/04\/Blabla_2023N3.pdf\" target=\"_blank\" rel=\"noopener\">Blablablara\u00ef du 3\u00e8me trimestre 2022\/2023<\/a><\/li>\n<\/ul>\n<p><span style=\"text-decoration: underline;\"><strong>2021-2022<\/strong><\/span><\/p>\n<ul>\n<li>Blablablara\u00ef du 1er trimestre 2021-2022 : <a href=\"https:\/\/www.jkcf.com\/wp-content\/uploads\/2021\/11\/BLABLA_1_trimestre_2021_2022.pdf\" target=\"_blank\" rel=\"noopener noreferrer\">Blablablara\u00ef du 1er trimestre 2021\/2022<\/a><\/li>\n<li>Blablablara\u00ef du 2\u00e8me trimestre 2021-2022 : <a href=\"https:\/\/www.jkcf.com\/wp-content\/uploads\/2022\/06\/BLABLA-2eme-trimestre-2022.pdf\" target=\"_blank\" rel=\"noopener noreferrer\">Blablablara\u00ef du 2\u00e8me trimestre 2021\/2022<\/a><\/li>\n<li>Blablablara\u00ef du 3\u00e8me trimestre 2021-2022 : <a href=\"https:\/\/www.jkcf.com\/wp-content\/uploads\/2022\/06\/BLABLA-3eme-trimestre-2022.pdf\" target=\"_blank\" rel=\"noopener noreferrer\">Blablablara\u00ef du 3\u00e8me trimestre 2021\/2022<\/a><\/li>\n<\/ul>\n<p><span style=\"text-decoration: underline;\"><strong>2020-2021<\/strong><\/span><\/p>\n<ul>\n<li>Blablablara\u00ef du 1er trimestre 2020-2021 : <a href=\"https:\/\/www.jkcf.com\/wp-content\/uploads\/2020\/10\/BLABLA_1_2020-2021.pdf\" target=\"_blank\" rel=\"noopener noreferrer\">Blablablara\u00ef du 1er trimestre 2020\/20201<\/a><\/li>\n<li>Blablablara\u00ef du 2\u00e8me trimestre 2019-2020 : <a href=\"https:\/\/www.jkcf.com\/wp-content\/uploads\/2020\/02\/blabla_2_trimestre_2020.pdf\" target=\"_blank\" rel=\"noopener noreferrer\">Blablablara\u00ef du 2eme trimestre 2019\/2020<\/a><\/li>\n<\/ul>\n<p><span style=\"text-decoration: underline;\"><strong>Avant<\/strong><\/span><\/p>\n<ul>\n<li>Blablablara\u00ef du 2\u00e8me trimestre 2018-2019 :&nbsp;<a href=\"https:\/\/www.jkcf.com\/wp-content\/uploads\/2019\/02\/BLABLA-2\u00e8me-trimestre-2018-2019.pdf\" target=\"_blank\" rel=\"noopener noreferrer\">Blablablara\u00ef du 2\u00e8me trimestre 2018 2019<\/a><\/li>\n<li>Blablablara\u00ef du 3\u00e8me trimestre 2018-2019 : <a href=\"https:\/\/www.jkcf.com\/wp-content\/uploads\/2019\/04\/blabla_2019_2.pdf\" target=\"_blank\" rel=\"noopener noreferrer\">Blablablara\u00ef du 3\u00e8me trimestre 2019<\/a><\/li>\n<li>Blablablara\u00ef du 1er trimestre 2019-2020 : <a href=\"https:\/\/www.jkcf.com\/wp-content\/uploads\/2019\/10\/BLABLA_1_trimestre_2019_2020.pdf\" target=\"_blank\" rel=\"noopener noreferrer\">Blablablara\u00ef du 1er trimestre 2018\/2019<\/a><\/li>\n<li>Blablablara\u00ef du 2\u00e8me trimestre 2017-2018 : <a href=\"https:\/\/www.jkcf.com\/wp-content\/uploads\/2018\/02\/blabla_2eme2018.pdf\" target=\"_blank\" rel=\"noopener noreferrer\">Blablablara\u00ef du 2\u00e8me trimestre 2017\/2018<\/a><\/li>\n<li>Blablablara\u00ef du 3\u00e8me trimestre 2017-2018 : <a href=\"https:\/\/www.jkcf.com\/wp-content\/uploads\/2018\/04\/Blabla_2018_3.pdf\" target=\"_blank\" rel=\"noopener noreferrer\">Blablablara\u00ef du 3\u00e8me trimestre 2017\/2018<\/a><\/li>\n<li>Blablablara\u00ef du 1er trimestre 2018-2019 : <a href=\"https:\/\/www.jkcf.com\/wp-content\/uploads\/2018\/10\/Bblabla_1er_trimestre_2018.pdf\" target=\"_blank\" rel=\"noopener noreferrer\">Blablablara\u00ef du 1er trimestre 2018\/201<\/a><\/li>\n<li>Blablablara\u00ef du 2\u00e8me trimestre 2016-2017 :&nbsp;<a href=\"https:\/\/www.jkcf.com\/wp-content\/uploads\/2014\/04\/blabla_2eme_trimestre_2017.pdf\" target=\"_blank\" rel=\"noopener noreferrer\">Blablablara\u00ef du 2\u00e8me trimestre 2016\/2017<\/a><\/li>\n<li>Blablablara\u00ef du 3\u00e8me trimestre 2016-2017 :&nbsp;<a href=\"https:\/\/www.jkcf.com\/wp-content\/uploads\/2014\/04\/Blablablarai_2017-3.pdf\" target=\"_blank\" rel=\"noopener noreferrer\">Blablablara\u00ef du 3\u00e8me trimestre 2016\/2017<\/a><\/li>\n<li>Blablablara\u00ef du 1er trimestre 2017-2018 : <a href=\"https:\/\/www.jkcf.com\/wp-content\/uploads\/2014\/04\/Blabla_1_trimestre_17_18.pdf\" target=\"_blank\" rel=\"noopener noreferrer\">Blablablara\u00ef du 1er trimestre 2017\/2018<\/a><\/li>\n<li>Blablablara\u00ef du 1er trimestre 2016-2017 :&nbsp;<a href=\"https:\/\/www.jkcf.com\/wp-content\/uploads\/2014\/04\/BLABLABLARAI-1er-trimestre-2016-2017.pdf\" target=\"_blank\" rel=\"noopener noreferrer\">BLABLABLARAI 1er trimestre 2016-2017<\/a><\/li>\n<li>Blablablara\u00ef du 3\u00e8me trimestre 2015-2016 : <a href=\"https:\/\/www.jkcf.com\/wp-content\/uploads\/2014\/04\/blabla_2016_3.pdf\" rel=\"\">blabla_2016_1<\/a><\/li>\n<li>Blablablara\u00ef du 1er trimestre 2015 : <a href=\"https:\/\/www.jkcf.com\/wp-content\/uploads\/2014\/04\/blabla_avril_2015.pdf\">Blabla-2015-1<\/a><\/li>\n<li>Blablablara\u00ef du 3\u00e8me trimestre 2015 : <a href=\"https:\/\/www.jkcf.com\/wp-content\/uploads\/2014\/04\/blabla_1_trimestre_2015.pdf\">Blabla-2015-3<\/a><\/li>\n<li>Blablablara\u00ef du 4\u00e8me trimestre 2015 :&nbsp;<a href=\"https:\/\/www.jkcf.com\/wp-content\/uploads\/2014\/04\/blabla_2_trimestre_2016.pdf\" rel=\"\">Blabla-2015-4<\/a><\/li>\n<li>Blablablara\u00ef du 1er trimestre 2014 : <a href=\"https:\/\/www.jkcf.com\/wp-content\/uploads\/2014\/04\/Blabla-2014-1.pdf\" target=\"_blank\" rel=\"noopener noreferrer\">Blabla-2014-1<\/a><\/li>\n<li>Blablablara\u00ef du 2\u00e8me trimestre 2014 : <a href=\"https:\/\/www.jkcf.com\/wp-content\/uploads\/2014\/04\/blabla2.pdf\" target=\"_blank\" rel=\"noopener noreferrer\">Blabla-2014-2<\/a><\/li>\n<li>Blablablara\u00ef du 3\u00e8me trimestre 2014 : <a href=\"https:\/\/www.jkcf.com\/wp-content\/uploads\/2014\/08\/Blabla-2014-3.pdf\" target=\"_blank\" rel=\"noopener noreferrer\">Blabla-2014-3<\/a><\/li>\n<li>Blablablara\u00ef du 4\u00e8me trimestre 2014 :&nbsp;<a href=\"https:\/\/www.jkcf.com\/wp-content\/uploads\/2014\/04\/blabla-2014-4.pdf\">blabla-2014-4<\/a><\/li>\n<\/ul>\n","protected":false},"excerpt":{"rendered":"<p>Voici les liens vers les Blablablara\u00efs : 2025-2026 Blablablara\u00ef du 1er trimestre 2025-2026 : Blablablara\u00ef du 1er trimestre 2025\/2026 Blablablara\u00ef du 2\u00e8me trmestre 2025-2026 : Blablablara\u00ef du 2\u00e8me trimestre 2025\/2026 2024-2025 Blablablara\u00ef du 1er trimestre 2024-2025 : Blablablara\u00ef du 1er <a class=\"more-link\" href=\"https:\/\/www.jkcf.com\/?page_id=184\">Continuer la lecture <span class=\"screen-reader-text\">  Blablablara\u00ef<\/span><span class=\"meta-nav\">&rarr;<\/span><\/a><\/p>\n","protected":false},"author":1,"featured_media":0,"parent":0,"menu_order":0,"comment_status":"open","ping_status":"closed","template":"","meta":{"ngg_post_thumbnail":0,"iawp_total_views":511,"footnotes":""},"class_list":["post-184","page","type-page","status-publish","hentry"],"_links":{"self":[{"href":"https:\/\/www.jkcf.com\/index.php?rest_route=\/wp\/v2\/pages\/184","targetHints":{"allow":["GET"]}}],"collection":[{"href":"https:\/\/www.jkcf.com\/index.php?rest_route=\/wp\/v2\/pages"}],"about":[{"href":"https:\/\/www.jkcf.com\/index.php?rest_route=\/wp\/v2\/types\/page"}],"author":[{"embeddable":true,"href":"https:\/\/www.jkcf.com\/index.php?rest_route=\/wp\/v2\/users\/1"}],"replies":[{"embeddable":true,"href":"https:\/\/www.jkcf.com\/index.php?rest_route=%2Fwp%2Fv2%2Fcomments&post=184"}],"version-history":[{"count":63,"href":"https:\/\/www.jkcf.com\/index.php?rest_route=\/wp\/v2\/pages\/184\/revisions"}],"predecessor-version":[{"id":4294,"href":"https:\/\/www.jkcf.com\/index.php?rest_route=\/wp\/v2\/pages\/184\/revisions\/4294"}],"wp:attachment":[{"href":"https:\/\/www.jkcf.com\/index.php?rest_route=%2Fwp%2Fv2%2Fmedia&parent=184"}],"curies":[{"name":"wp","href":"https:\/\/api.w.org\/{rel}","templated":true}]}}